
{"id":19515,"date":"2019-09-26T14:08:25","date_gmt":"2019-09-26T12:08:25","guid":{"rendered":"https:\/\/mlekpol.com.pl?post_type=product&#038;p=19515"},"modified":"2023-04-13T13:32:42","modified_gmt":"2023-04-13T11:32:42","slug":"mleko-w-proszku-pelne-27-tl-laciate","status":"publish","type":"product","link":"https:\/\/mlekpol.com.pl\/index.php\/produkt\/mleko-w-proszku-pelne-27-tl-laciate\/","title":{"rendered":"Mleko w proszku pe\u0142ne 27% t\u0142. \u0141aciate &#8211; 500 g"},"content":{"rendered":"<p>Mleko w proszku pe\u0142ne \u0141aciate to pe\u0142nowarto\u015bciowe mleko krowie, pochodz\u0105ce od kr\u00f3w skarmianych paszami wolnymi od GMO, poddane pasteryzacji, odparowaniu i wysuszeniu. Jest produktem tak samo warto\u015bciowym jak mleko p\u0142ynne, a dzi\u0119ki odparowaniu wody ze \u015bwie\u017cego surowca jest wyrobem o d\u0142ugiej trwa\u0142o\u015bci. Mleko w proszku pe\u0142ne \u0141aciate warto mie\u0107 w swojej kuchni. Znakomicie sprawdzi si\u0119 w przygotowaniu ciast, deser\u00f3w oraz lod\u00f3w. Dost\u0119pne jest w 500 gramowych wygodnych torebkach.<\/p>\n","protected":false},"excerpt":{"rendered":"<p>Mleko w proszku pe\u0142ne \u0141aciate to pe\u0142nowarto\u015bciowe mleko krowie, pochodz\u0105ce od kr\u00f3w skarmianych paszami wolnymi od GMO, poddane pasteryzacji, odparowaniu i wysuszeniu. Jest produktem tak samo warto\u015bciowym jak mleko p\u0142ynne, a dzi\u0119ki odparowaniu wody ze \u015bwie\u017cego surowca jest wyrobem o d\u0142ugiej trwa\u0142o\u015bci. Mleko w proszku pe\u0142ne \u0141aciate warto mie\u0107 w swojej kuchni. Znakomicie sprawdzi si\u0119 [&hellip;]<\/p>\n","protected":false},"featured_media":24167,"template":"","meta":[],"product_cat":[26],"product_tag":[],"_links":{"self":[{"href":"https:\/\/mlekpol.com.pl\/index.php\/wp-json\/wp\/v2\/product\/19515"}],"collection":[{"href":"https:\/\/mlekpol.com.pl\/index.php\/wp-json\/wp\/v2\/product"}],"about":[{"href":"https:\/\/mlekpol.com.pl\/index.php\/wp-json\/wp\/v2\/types\/product"}],"wp:featuredmedia":[{"embeddable":true,"href":"https:\/\/mlekpol.com.pl\/index.php\/wp-json\/wp\/v2\/media\/24167"}],"wp:attachment":[{"href":"https:\/\/mlekpol.com.pl\/index.php\/wp-json\/wp\/v2\/media?parent=19515"}],"wp:term":[{"taxonomy":"product_cat","embeddable":true,"href":"https:\/\/mlekpol.com.pl\/index.php\/wp-json\/wp\/v2\/product_cat?post=19515"},{"taxonomy":"product_tag","embeddable":true,"href":"https:\/\/mlekpol.com.pl\/index.php\/wp-json\/wp\/v2\/product_tag?post=19515"}],"curies":[{"name":"wp","href":"https:\/\/api.w.org\/{rel}","templated":true}]}}