
{"id":19327,"date":"2019-06-24T12:11:22","date_gmt":"2019-06-24T10:11:22","guid":{"rendered":"https:\/\/mlekpol.com.pl?post_type=product&#038;p=19327"},"modified":"2023-07-12T11:58:45","modified_gmt":"2023-07-12T09:58:45","slug":"maslanka-mlekpol-naturalna-2","status":"publish","type":"product","link":"https:\/\/mlekpol.com.pl\/index.php\/produkt\/maslanka-mlekpol-naturalna-2\/","title":{"rendered":"Ma\u015blanka Mlekpol naturalna"},"content":{"rendered":"<p>Ma\u015blanka Mlekpol naturalna to fermentowany nap\u00f3j mleczny powstaj\u0105cy przy produkcji mas\u0142a. Jest niskokaloryczna i lekkostrawna. Dzi\u0119ki zawarto\u015bci kwasu mlekowego ma te\u017c w\u0142a\u015bciwo\u015bci probiotyczne, kt\u00f3re pomagaj\u0105 utrzyma\u0107 prawid\u0142ow\u0105 prac\u0119 uk\u0142adu pokarmowego. Idealnie orze\u017awia i gasi pragnienie. Produkt opakowany jest w wygodn\u0105 butelk\u0119 PET o pojemno\u015bci 1 l.<\/p>\n","protected":false},"excerpt":{"rendered":"<p>Ma\u015blanka Mlekpol naturalna to fermentowany nap\u00f3j mleczny powstaj\u0105cy przy produkcji mas\u0142a. Jest niskokaloryczna i lekkostrawna. Dzi\u0119ki zawarto\u015bci kwasu mlekowego ma te\u017c w\u0142a\u015bciwo\u015bci probiotyczne, kt\u00f3re pomagaj\u0105 utrzyma\u0107 prawid\u0142ow\u0105 prac\u0119 uk\u0142adu pokarmowego. Idealnie orze\u017awia i gasi pragnienie. Produkt opakowany jest w wygodn\u0105 butelk\u0119 PET o pojemno\u015bci 1 l.<\/p>\n","protected":false},"featured_media":24288,"template":"","meta":[],"product_cat":[36,558],"product_tag":[],"_links":{"self":[{"href":"https:\/\/mlekpol.com.pl\/index.php\/wp-json\/wp\/v2\/product\/19327"}],"collection":[{"href":"https:\/\/mlekpol.com.pl\/index.php\/wp-json\/wp\/v2\/product"}],"about":[{"href":"https:\/\/mlekpol.com.pl\/index.php\/wp-json\/wp\/v2\/types\/product"}],"wp:featuredmedia":[{"embeddable":true,"href":"https:\/\/mlekpol.com.pl\/index.php\/wp-json\/wp\/v2\/media\/24288"}],"wp:attachment":[{"href":"https:\/\/mlekpol.com.pl\/index.php\/wp-json\/wp\/v2\/media?parent=19327"}],"wp:term":[{"taxonomy":"product_cat","embeddable":true,"href":"https:\/\/mlekpol.com.pl\/index.php\/wp-json\/wp\/v2\/product_cat?post=19327"},{"taxonomy":"product_tag","embeddable":true,"href":"https:\/\/mlekpol.com.pl\/index.php\/wp-json\/wp\/v2\/product_tag?post=19327"}],"curies":[{"name":"wp","href":"https:\/\/api.w.org\/{rel}","templated":true}]}}