
{"id":19131,"date":"2019-04-18T10:38:35","date_gmt":"2019-04-18T08:38:35","guid":{"rendered":"https:\/\/mlekpol.com.pl?post_type=product&#038;p=19131"},"modified":"2022-11-27T22:54:15","modified_gmt":"2022-11-27T21:54:15","slug":"twarozek-grani-laciaty","status":"publish","type":"product","link":"https:\/\/mlekpol.com.pl\/index.php\/produkt\/twarozek-grani-laciaty\/","title":{"rendered":"Twaro\u017cek grani \u0141aciaty"},"content":{"rendered":"<p>Serek powstaj\u0105 z\u00a0polskiego mleka od\u00a0kr\u00f3w wypasanych na\u00a0najczystszych \u0142\u0105kach Podlasia. Dzi\u0119ki wyj\u0105tkowej recepturze, pozbawionej konserwant\u00f3w i sztucznych dodatk\u00f3w serki <em>\u0141aciaty <\/em>grani <em>\u00a0<\/em>to idealne po\u0142\u0105czenie\u00a0 naturalnych ziarenek twaro\u017cku zanurzonych w s\u0142odkiej \u015bmietance. To w\u0142a\u015bnie zastosowanie w procesie produkcji drobnego twaro\u017cku odr\u00f3\u017cnia grani od serk\u00f3w wiejskich Mlekpolu, kt\u00f3re znaj\u0105 konsumenci. Serek grani jest wspania\u0142ym pomys\u0142em na zdrowy pocz\u0105tek dnia lub szybk\u0105 przek\u0105sk\u0119. Serki \u0141aciate grani nie zawieraj\u0105 glutenu i s\u0105\u00a0 \u017ar\u00f3d\u0142em dobrze przyswajalnego bia\u0142ka, niezb\u0119dnego do wzrostu i utrzymania masy mi\u0119\u015bniowej<em>.<\/em> \u0141aciaty grani naturalny opakowany jest w\u00a0 praktyczny kubeczek\u00a0 o pojemno\u015bciach 200\u00a0 i 500 gram\u00f3w.<\/p>\n","protected":false},"excerpt":{"rendered":"<p>Serek powstaj\u0105 z\u00a0polskiego mleka od\u00a0kr\u00f3w wypasanych na\u00a0najczystszych \u0142\u0105kach Podlasia. Dzi\u0119ki wyj\u0105tkowej recepturze, pozbawionej konserwant\u00f3w i sztucznych dodatk\u00f3w serki \u0141aciaty grani \u00a0to idealne po\u0142\u0105czenie\u00a0 naturalnych ziarenek twaro\u017cku zanurzonych w s\u0142odkiej \u015bmietance. To w\u0142a\u015bnie zastosowanie w procesie produkcji drobnego twaro\u017cku odr\u00f3\u017cnia grani od serk\u00f3w wiejskich Mlekpolu, kt\u00f3re znaj\u0105 konsumenci. Serek grani jest wspania\u0142ym pomys\u0142em na zdrowy pocz\u0105tek [&hellip;]<\/p>\n","protected":false},"featured_media":20201,"template":"","meta":[],"product_cat":[176,48],"product_tag":[],"_links":{"self":[{"href":"https:\/\/mlekpol.com.pl\/index.php\/wp-json\/wp\/v2\/product\/19131"}],"collection":[{"href":"https:\/\/mlekpol.com.pl\/index.php\/wp-json\/wp\/v2\/product"}],"about":[{"href":"https:\/\/mlekpol.com.pl\/index.php\/wp-json\/wp\/v2\/types\/product"}],"wp:featuredmedia":[{"embeddable":true,"href":"https:\/\/mlekpol.com.pl\/index.php\/wp-json\/wp\/v2\/media\/20201"}],"wp:attachment":[{"href":"https:\/\/mlekpol.com.pl\/index.php\/wp-json\/wp\/v2\/media?parent=19131"}],"wp:term":[{"taxonomy":"product_cat","embeddable":true,"href":"https:\/\/mlekpol.com.pl\/index.php\/wp-json\/wp\/v2\/product_cat?post=19131"},{"taxonomy":"product_tag","embeddable":true,"href":"https:\/\/mlekpol.com.pl\/index.php\/wp-json\/wp\/v2\/product_tag?post=19131"}],"curies":[{"name":"wp","href":"https:\/\/api.w.org\/{rel}","templated":true}]}}