
{"id":19121,"date":"2019-04-16T12:36:05","date_gmt":"2019-04-16T10:36:05","guid":{"rendered":"https:\/\/mlekpol.com.pl?post_type=product&#038;p=19121"},"modified":"2023-07-12T12:00:31","modified_gmt":"2023-07-12T10:00:31","slug":"mleko-uht-milcasa-35-3","status":"publish","type":"product","link":"https:\/\/mlekpol.com.pl\/index.php\/produkt\/mleko-uht-milcasa-35-3\/","title":{"rendered":"Mleko UHT Milcasa 3,5 % &#8211; 200 ml"},"content":{"rendered":"<p>Milcasa to marka mleka od SM Mlekpol, dedykowana zagranicznym odbiorcom. To mleko UHT najwy\u017cszej jako\u015bci &#8211; pe\u0142nowarto\u015bciowy, naturalny produkt spo\u017cywczy o wyj\u0105tkowo kremowym smaku. Mleko Milcasa pochodzi od kr\u00f3w wypasanych na najczystszych \u0142\u0105kach Polski, po\u0142o\u017conych na terenach nie ska\u017conych przemys\u0142em ci\u0119\u017ckim.<br \/>\nPolskie Podlasie oraz Warmia i Mazury sk\u0105d pochodzi Milcasa, nie bez powodu zwane s\u0105 Zielonymi P\u0142ucami Polski. \u0179r\u00f3d\u0142o dobrze przyswajalnego wapnia i bia\u0142ka, bogactwo cennych witamin i sk\u0142adnik\u00f3w mineralnych.<\/p>\n","protected":false},"excerpt":{"rendered":"<p>Milcasa to marka mleka od SM Mlekpol, dedykowana zagranicznym odbiorcom. To mleko UHT najwy\u017cszej jako\u015bci &#8211; pe\u0142nowarto\u015bciowy, naturalny produkt spo\u017cywczy o wyj\u0105tkowo kremowym smaku. Mleko Milcasa pochodzi od kr\u00f3w wypasanych na najczystszych \u0142\u0105kach Polski, po\u0142o\u017conych na terenach nie ska\u017conych przemys\u0142em ci\u0119\u017ckim. Polskie Podlasie oraz Warmia i Mazury sk\u0105d pochodzi Milcasa, nie bez powodu zwane s\u0105 [&hellip;]<\/p>\n","protected":false},"featured_media":19122,"template":"","meta":[],"product_cat":[313,16,25],"product_tag":[],"_links":{"self":[{"href":"https:\/\/mlekpol.com.pl\/index.php\/wp-json\/wp\/v2\/product\/19121"}],"collection":[{"href":"https:\/\/mlekpol.com.pl\/index.php\/wp-json\/wp\/v2\/product"}],"about":[{"href":"https:\/\/mlekpol.com.pl\/index.php\/wp-json\/wp\/v2\/types\/product"}],"wp:featuredmedia":[{"embeddable":true,"href":"https:\/\/mlekpol.com.pl\/index.php\/wp-json\/wp\/v2\/media\/19122"}],"wp:attachment":[{"href":"https:\/\/mlekpol.com.pl\/index.php\/wp-json\/wp\/v2\/media?parent=19121"}],"wp:term":[{"taxonomy":"product_cat","embeddable":true,"href":"https:\/\/mlekpol.com.pl\/index.php\/wp-json\/wp\/v2\/product_cat?post=19121"},{"taxonomy":"product_tag","embeddable":true,"href":"https:\/\/mlekpol.com.pl\/index.php\/wp-json\/wp\/v2\/product_tag?post=19121"}],"curies":[{"name":"wp","href":"https:\/\/api.w.org\/{rel}","templated":true}]}}