
{"id":19093,"date":"2019-04-12T14:09:53","date_gmt":"2019-04-12T12:09:53","guid":{"rendered":"https:\/\/mlekpol.com.pl?post_type=product&#038;p=19093"},"modified":"2023-07-12T12:01:34","modified_gmt":"2023-07-12T10:01:34","slug":"jogurt-pitny-milko-fun-malina-z-granatem","status":"publish","type":"product","link":"https:\/\/mlekpol.com.pl\/index.php\/produkt\/jogurt-pitny-milko-fun-malina-z-granatem\/","title":{"rendered":"Jogurt pitny Milko Fun malina z granatem"},"content":{"rendered":"<p>Milko Fun to p\u0142ynny, nadaj\u0105cy si\u0119 do picia jogurt wzbogacony dwoma rodzajami owoc\u00f3w &#8211; polskich i egzotycznych. Do przygotowania wsadu owocowego wykorzystano dojrza\u0142e, dobrego gatunku owoce od zaufanych dostawc\u00f3w. \u00a0Milko Fun malina z granatem zawiera s\u0142odkie polskie maliny i soczysty, pe\u0142en antyoksydant\u00f3w granat.<\/p>\n<p>&nbsp;<\/p>\n<p>Milko Fun powsta\u0142o z my\u015bl\u0105 o osobach aktywnych, uprawiaj\u0105cych sport i sp\u0119dzaj\u0105cych czas na \u015bwie\u017cym powietrzu. Dlatego jogurt zosta\u0142o zapakowane w praktyczn\u0105, wykonan\u0105 z papieru butelk\u0119 o pojemno\u015bci 330 ml.<\/p>\n","protected":false},"excerpt":{"rendered":"<p>Milko Fun to p\u0142ynny, nadaj\u0105cy si\u0119 do picia jogurt wzbogacony dwoma rodzajami owoc\u00f3w &#8211; polskich i egzotycznych. Do przygotowania wsadu owocowego wykorzystano dojrza\u0142e, dobrego gatunku owoce od zaufanych dostawc\u00f3w. \u00a0Milko Fun malina z granatem zawiera s\u0142odkie polskie maliny i soczysty, pe\u0142en antyoksydant\u00f3w granat. &nbsp; Milko Fun powsta\u0142o z my\u015bl\u0105 o osobach aktywnych, uprawiaj\u0105cych sport i [&hellip;]<\/p>\n","protected":false},"featured_media":19094,"template":"","meta":[],"product_cat":[34,103,18],"product_tag":[],"_links":{"self":[{"href":"https:\/\/mlekpol.com.pl\/index.php\/wp-json\/wp\/v2\/product\/19093"}],"collection":[{"href":"https:\/\/mlekpol.com.pl\/index.php\/wp-json\/wp\/v2\/product"}],"about":[{"href":"https:\/\/mlekpol.com.pl\/index.php\/wp-json\/wp\/v2\/types\/product"}],"wp:featuredmedia":[{"embeddable":true,"href":"https:\/\/mlekpol.com.pl\/index.php\/wp-json\/wp\/v2\/media\/19094"}],"wp:attachment":[{"href":"https:\/\/mlekpol.com.pl\/index.php\/wp-json\/wp\/v2\/media?parent=19093"}],"wp:term":[{"taxonomy":"product_cat","embeddable":true,"href":"https:\/\/mlekpol.com.pl\/index.php\/wp-json\/wp\/v2\/product_cat?post=19093"},{"taxonomy":"product_tag","embeddable":true,"href":"https:\/\/mlekpol.com.pl\/index.php\/wp-json\/wp\/v2\/product_tag?post=19093"}],"curies":[{"name":"wp","href":"https:\/\/api.w.org\/{rel}","templated":true}]}}