
{"id":19086,"date":"2019-04-11T14:26:37","date_gmt":"2019-04-11T12:26:37","guid":{"rendered":"https:\/\/mlekpol.com.pl?post_type=product&#038;p=19086"},"modified":"2021-06-14T09:29:51","modified_gmt":"2021-06-14T07:29:51","slug":"mascarpone-serek-smietankowy-mlekpol-3","status":"publish","type":"product","link":"https:\/\/mlekpol.com.pl\/index.php\/produkt\/mascarpone-serek-smietankowy-mlekpol-3\/","title":{"rendered":"Mascarpone Mlekpol"},"content":{"rendered":"<p>Powsta\u0142 z\u00a0 naturalnej polskiej \u015bmietanki najlepszej jako\u015bci, bez konserwant\u00f3w i dodatk\u00f3w smakowych. Jego aksamitna konsystencja oraz wyj\u0105tkowo subtelny, lekko s\u0142odkawy smak, pozwalaj\u0105 wykorzysta\u0107\u00a0 Mascarpone na wiele sposob\u00f3w Mo\u017cna zast\u0105pi\u0107 nim \u015bmietank\u0119, by zag\u0119szczaj\u0105c zupy i sosy, otrzyma\u0107 cudownie kremowe danie. Mascarpone sprawdzi si\u0119 \u015bwietnie do przygotowania deser\u00f3w i wypiek\u00f3w: sernik\u00f3w, tort\u00f3w oraz placuszk\u00f3w. Bez tego mocno \u015bmietankowego sera nie mo\u017ce powsta\u0107 najpopularniejszy tort bezowy dacquoise. W po\u0142\u0105czeniu z miodem lub \u015bwie\u017cymi owocami znakomicie wzbogaci ka\u017cde s\u0142odkie \u015bniadanie.<\/p>\n","protected":false},"excerpt":{"rendered":"<p>Powsta\u0142 z\u00a0 naturalnej polskiej \u015bmietanki najlepszej jako\u015bci, bez konserwant\u00f3w i dodatk\u00f3w smakowych. Jego aksamitna konsystencja oraz wyj\u0105tkowo subtelny, lekko s\u0142odkawy smak, pozwalaj\u0105 wykorzysta\u0107\u00a0 Mascarpone na wiele sposob\u00f3w Mo\u017cna zast\u0105pi\u0107 nim \u015bmietank\u0119, by zag\u0119szczaj\u0105c zupy i sosy, otrzyma\u0107 cudownie kremowe danie. Mascarpone sprawdzi si\u0119 \u015bwietnie do przygotowania deser\u00f3w i wypiek\u00f3w: sernik\u00f3w, tort\u00f3w oraz placuszk\u00f3w. Bez tego [&hellip;]<\/p>\n","protected":false},"featured_media":19087,"template":"","meta":[],"product_cat":[1160,558],"product_tag":[],"_links":{"self":[{"href":"https:\/\/mlekpol.com.pl\/index.php\/wp-json\/wp\/v2\/product\/19086"}],"collection":[{"href":"https:\/\/mlekpol.com.pl\/index.php\/wp-json\/wp\/v2\/product"}],"about":[{"href":"https:\/\/mlekpol.com.pl\/index.php\/wp-json\/wp\/v2\/types\/product"}],"wp:featuredmedia":[{"embeddable":true,"href":"https:\/\/mlekpol.com.pl\/index.php\/wp-json\/wp\/v2\/media\/19087"}],"wp:attachment":[{"href":"https:\/\/mlekpol.com.pl\/index.php\/wp-json\/wp\/v2\/media?parent=19086"}],"wp:term":[{"taxonomy":"product_cat","embeddable":true,"href":"https:\/\/mlekpol.com.pl\/index.php\/wp-json\/wp\/v2\/product_cat?post=19086"},{"taxonomy":"product_tag","embeddable":true,"href":"https:\/\/mlekpol.com.pl\/index.php\/wp-json\/wp\/v2\/product_tag?post=19086"}],"curies":[{"name":"wp","href":"https:\/\/api.w.org\/{rel}","templated":true}]}}