
{"id":19071,"date":"2019-04-04T15:53:24","date_gmt":"2019-04-04T13:53:24","guid":{"rendered":"https:\/\/mlekpol.com.pl?post_type=product&#038;p=19071"},"modified":"2025-05-06T20:58:15","modified_gmt":"2025-05-06T18:58:15","slug":"serki-topione-ze-szczypiorkiem-kubek","status":"publish","type":"product","link":"https:\/\/mlekpol.com.pl\/index.php\/produkt\/serki-topione-ze-szczypiorkiem-kubek\/","title":{"rendered":"Serek topiony hiszpa\u0144ski smak z papryk\u0105, pomidorami i chili"},"content":{"rendered":"<p>Kremowa konsystencja i aromatyczne naturalne dodatki. Idealny do smarowania albo jako dodatek do potraw. Praktyczne opakowanie u\u0142atwia przechowywanie i gwarantuje \u015bwie\u017co\u015b\u0107.<\/p>\n","protected":false},"excerpt":{"rendered":"<p>Kremowa konsystencja i aromatyczne naturalne dodatki. Idealny do smarowania albo jako dodatek do potraw. Praktyczne opakowanie u\u0142atwia przechowywanie i gwarantuje \u015bwie\u017co\u015b\u0107.<\/p>\n","protected":false},"featured_media":30130,"template":"","meta":[],"product_cat":[558,24,552],"product_tag":[],"_links":{"self":[{"href":"https:\/\/mlekpol.com.pl\/index.php\/wp-json\/wp\/v2\/product\/19071"}],"collection":[{"href":"https:\/\/mlekpol.com.pl\/index.php\/wp-json\/wp\/v2\/product"}],"about":[{"href":"https:\/\/mlekpol.com.pl\/index.php\/wp-json\/wp\/v2\/types\/product"}],"wp:featuredmedia":[{"embeddable":true,"href":"https:\/\/mlekpol.com.pl\/index.php\/wp-json\/wp\/v2\/media\/30130"}],"wp:attachment":[{"href":"https:\/\/mlekpol.com.pl\/index.php\/wp-json\/wp\/v2\/media?parent=19071"}],"wp:term":[{"taxonomy":"product_cat","embeddable":true,"href":"https:\/\/mlekpol.com.pl\/index.php\/wp-json\/wp\/v2\/product_cat?post=19071"},{"taxonomy":"product_tag","embeddable":true,"href":"https:\/\/mlekpol.com.pl\/index.php\/wp-json\/wp\/v2\/product_tag?post=19071"}],"curies":[{"name":"wp","href":"https:\/\/api.w.org\/{rel}","templated":true}]}}