
{"id":19056,"date":"2019-04-04T14:32:46","date_gmt":"2019-04-04T12:32:46","guid":{"rendered":"https:\/\/mlekpol.com.pl?post_type=product&#038;p=19056"},"modified":"2019-04-04T14:33:59","modified_gmt":"2019-04-04T12:33:59","slug":"twarog-osowa-chudy-kostka","status":"publish","type":"product","link":"https:\/\/mlekpol.com.pl\/index.php\/produkt\/twarog-osowa-chudy-kostka\/","title":{"rendered":"Twar\u00f3g &#8222;Osowa&#8221; chudy kostka"},"content":{"rendered":"<p>Tradycyjny twar\u00f3g z najlepszego polskiego mleka od kr\u00f3w skarmianych paszami bez GMO. Smaczny, zdrowy i naturalny. \u0179r\u00f3d\u0142o dobrze przyswajalnego bia\u0142ka i wapnia.<\/p>\n","protected":false},"excerpt":{"rendered":"<p>Tradycyjny twar\u00f3g z najlepszego polskiego mleka od kr\u00f3w skarmianych paszami bez GMO. Smaczny, zdrowy i naturalny. \u0179r\u00f3d\u0142o dobrze przyswajalnego bia\u0142ka i wapnia.<\/p>\n","protected":false},"featured_media":19057,"template":"","meta":[],"product_cat":[558,21],"product_tag":[],"_links":{"self":[{"href":"https:\/\/mlekpol.com.pl\/index.php\/wp-json\/wp\/v2\/product\/19056"}],"collection":[{"href":"https:\/\/mlekpol.com.pl\/index.php\/wp-json\/wp\/v2\/product"}],"about":[{"href":"https:\/\/mlekpol.com.pl\/index.php\/wp-json\/wp\/v2\/types\/product"}],"wp:featuredmedia":[{"embeddable":true,"href":"https:\/\/mlekpol.com.pl\/index.php\/wp-json\/wp\/v2\/media\/19057"}],"wp:attachment":[{"href":"https:\/\/mlekpol.com.pl\/index.php\/wp-json\/wp\/v2\/media?parent=19056"}],"wp:term":[{"taxonomy":"product_cat","embeddable":true,"href":"https:\/\/mlekpol.com.pl\/index.php\/wp-json\/wp\/v2\/product_cat?post=19056"},{"taxonomy":"product_tag","embeddable":true,"href":"https:\/\/mlekpol.com.pl\/index.php\/wp-json\/wp\/v2\/product_tag?post=19056"}],"curies":[{"name":"wp","href":"https:\/\/api.w.org\/{rel}","templated":true}]}}