
{"id":19046,"date":"2019-03-29T16:51:15","date_gmt":"2019-03-29T15:51:15","guid":{"rendered":"https:\/\/mlekpol.com.pl?post_type=product&#038;p=19046"},"modified":"2022-11-27T23:02:00","modified_gmt":"2022-11-27T22:02:00","slug":"laciaty-cherry-cottage-cheese","status":"publish","type":"product","link":"https:\/\/mlekpol.com.pl\/index.php\/en\/produkt\/laciaty-cherry-cottage-cheese\/","title":{"rendered":"\u0141aciaty cottage cheese with cherries"},"content":{"rendered":"<p>All variants of Mlekpol cottage cheese are made of the highest quality Polish milk from cows grazed on the cleanest Podlasie meadows, fed with non-GMO products. Thanks to a unique recipe, devoid of preservatives and artificial additives, all variants of \u0141aciaty cottage cheese is a perfect combination of natural, different-sized cottage cheese grains dipped in sweet cream. \u0141aciaty cottage cheese with cherries is an excellent idea for a sweet-style breakfast or an afternoon snack. \u0141aciaty cottage cheese does not contain gluten and is a source of well-absorbed protein, essential for the growth and maintenance of muscle mass. All fruit variants of \u0141aciaty cottage cheese are packed in practical 150 g cups.<\/p>\n","protected":false},"excerpt":{"rendered":"<p>All variants of Mlekpol cottage cheese are made of the highest quality Polish milk from cows grazed on the cleanest Podlasie meadows, fed with non-GMO products. Thanks to a unique recipe, devoid of preservatives and artificial additives, all variants of \u0141aciaty cottage cheese is a perfect combination of natural, different-sized cottage cheese grains dipped in [&hellip;]<\/p>\n","protected":false},"featured_media":20208,"template":"","meta":[],"product_cat":[209,235],"product_tag":[],"_links":{"self":[{"href":"https:\/\/mlekpol.com.pl\/index.php\/wp-json\/wp\/v2\/product\/19046"}],"collection":[{"href":"https:\/\/mlekpol.com.pl\/index.php\/wp-json\/wp\/v2\/product"}],"about":[{"href":"https:\/\/mlekpol.com.pl\/index.php\/wp-json\/wp\/v2\/types\/product"}],"wp:featuredmedia":[{"embeddable":true,"href":"https:\/\/mlekpol.com.pl\/index.php\/wp-json\/wp\/v2\/media\/20208"}],"wp:attachment":[{"href":"https:\/\/mlekpol.com.pl\/index.php\/wp-json\/wp\/v2\/media?parent=19046"}],"wp:term":[{"taxonomy":"product_cat","embeddable":true,"href":"https:\/\/mlekpol.com.pl\/index.php\/wp-json\/wp\/v2\/product_cat?post=19046"},{"taxonomy":"product_tag","embeddable":true,"href":"https:\/\/mlekpol.com.pl\/index.php\/wp-json\/wp\/v2\/product_tag?post=19046"}],"curies":[{"name":"wp","href":"https:\/\/api.w.org\/{rel}","templated":true}]}}