
{"id":18918,"date":"2019-03-08T17:09:22","date_gmt":"2019-03-08T16:09:22","guid":{"rendered":"https:\/\/mlekpol.com.pl?post_type=product&#038;p=18918"},"modified":"2025-01-09T10:59:49","modified_gmt":"2025-01-09T09:59:49","slug":"twarog-sernikowy-laciaty-18-wiadro","status":"publish","type":"product","link":"https:\/\/mlekpol.com.pl\/index.php\/produkt\/twarog-sernikowy-laciaty-18-wiadro\/","title":{"rendered":"Twar\u00f3g Sernikowy \u0141aciaty 18% wiadro"},"content":{"rendered":"<p>Doskona\u0142a propozycja dla mi\u0142o\u015bnik\u00f3w domowych, tradycyjnych wypiek\u00f3w i deser\u00f3w, ale te\u017c wyszukanej, nowoczesnej kuchni. Twar\u00f3g sernikowy \u0141aciaty 18% wyr\u00f3\u017cnia si\u0119 kremow\u0105 konsystencj\u0105 i nie wymaga dodatku mas\u0142a, co doceniaj\u0105 wszyscy amatorzy puszystego sernika. Powstaje wy\u0142\u0105cznie z najwy\u017cszej jako\u015bci polskiego mleka, nie zawiera konserwant\u00f3w, barwnik\u00f3w ani sztucznych aromat\u00f3w. Stanowi \u015bwietn\u0105 baz\u0119 dla wypiek\u00f3w, smoothie, kulek proteinowych, past kanapkowych czy farsz\u00f3w do nale\u015bnik\u00f3w lub tart w wersjach wytrawnych i na s\u0142odko. Jest \u017ar\u00f3d\u0142em \u0142atwo przyswajalnego bia\u0142ka oraz cennych sk\u0142adnik\u00f3w mineralnych \u2013 wapnia i fosforu. Twar\u00f3g sernikowy \u0141aciaty 18% to gwarancja smacznych da\u0144 na co dzie\u0144 i od \u015bwi\u0119ta. Polski produkt najwy\u017cszej jako\u015bci, zamkni\u0119ty w funkcjonalnym, nowoczesnym opakowaniu z charakterystyczn\u0105, apetyczn\u0105 grafik\u0105.<\/p>\n","protected":false},"excerpt":{"rendered":"<p>Doskona\u0142a propozycja dla mi\u0142o\u015bnik\u00f3w domowych, tradycyjnych wypiek\u00f3w i deser\u00f3w, ale te\u017c wyszukanej, nowoczesnej kuchni. Twar\u00f3g sernikowy \u0141aciaty 18% wyr\u00f3\u017cnia si\u0119 kremow\u0105 konsystencj\u0105 i nie wymaga dodatku mas\u0142a, co doceniaj\u0105 wszyscy amatorzy puszystego sernika. Powstaje wy\u0142\u0105cznie z najwy\u017cszej jako\u015bci polskiego mleka, nie zawiera konserwant\u00f3w, barwnik\u00f3w ani sztucznych aromat\u00f3w. Stanowi \u015bwietn\u0105 baz\u0119 dla wypiek\u00f3w, smoothie, kulek proteinowych, [&hellip;]<\/p>\n","protected":false},"featured_media":29348,"template":"","meta":[],"product_cat":[1003,21,48],"product_tag":[],"_links":{"self":[{"href":"https:\/\/mlekpol.com.pl\/index.php\/wp-json\/wp\/v2\/product\/18918"}],"collection":[{"href":"https:\/\/mlekpol.com.pl\/index.php\/wp-json\/wp\/v2\/product"}],"about":[{"href":"https:\/\/mlekpol.com.pl\/index.php\/wp-json\/wp\/v2\/types\/product"}],"wp:featuredmedia":[{"embeddable":true,"href":"https:\/\/mlekpol.com.pl\/index.php\/wp-json\/wp\/v2\/media\/29348"}],"wp:attachment":[{"href":"https:\/\/mlekpol.com.pl\/index.php\/wp-json\/wp\/v2\/media?parent=18918"}],"wp:term":[{"taxonomy":"product_cat","embeddable":true,"href":"https:\/\/mlekpol.com.pl\/index.php\/wp-json\/wp\/v2\/product_cat?post=18918"},{"taxonomy":"product_tag","embeddable":true,"href":"https:\/\/mlekpol.com.pl\/index.php\/wp-json\/wp\/v2\/product_tag?post=18918"}],"curies":[{"name":"wp","href":"https:\/\/api.w.org\/{rel}","templated":true}]}}