
{"id":16361,"date":"2019-11-14T10:08:12","date_gmt":"2019-11-14T09:08:12","guid":{"rendered":"http:\/\/mlekpol.thinq.pl\/?post_type=product&#038;p=16361"},"modified":"2024-03-22T16:32:06","modified_gmt":"2024-03-22T15:32:06","slug":"mix-laciaty-kubek","status":"publish","type":"product","link":"https:\/\/mlekpol.com.pl\/index.php\/produkt\/mix-laciaty-kubek\/","title":{"rendered":"Mix \u0141aciaty kubek"},"content":{"rendered":"<p>Idealnie zbalansowane proporcje czystego mas\u0142a i\u00a0oleju ro\u015blinnego wzbogacone ma\u015blank\u0105. Wy\u0142\u0105cznie naturalne sk\u0142adniki i\u00a0wysoka 52% zawarto\u015b\u0107 t\u0142uszczu mlecznego pozwalaj\u0105 cieszy\u0107 si\u0119 ma\u015blano-\u015bmietankowym smakiem, kt\u00f3ry\u00a0idealnie wsp\u00f3\u0142gra ze\u00a0\u015bwie\u017cym pieczywem. Mixy \u0141aciate wytwarzane s\u0105 ze\u00a0\u015bmietanki otrzymywanej ze\u00a0\u015bwie\u017cego mleka bez\u00a0GMO, nie\u00a0zawieraj\u0105 t\u0142uszcz\u00f3w utwardzonych, konserwant\u00f3w czy\u00a0barwnik\u00f3w. Mixy opakowane s\u0105 w\u00a0estetyczne i\u00a0praktyczne pude\u0142ka, kt\u00f3re zawieraj\u0105 200 gram\u00f3w produktu.<\/p>\n","protected":false},"excerpt":{"rendered":"<p>Idealnie zbalansowane proporcje czystego mas\u0142a i\u00a0oleju ro\u015blinnego wzbogacone ma\u015blank\u0105. Wy\u0142\u0105cznie naturalne sk\u0142adniki i\u00a0wysoka 52% zawarto\u015b\u0107 t\u0142uszczu mlecznego pozwalaj\u0105 cieszy\u0107 si\u0119 ma\u015blano-\u015bmietankowym smakiem, kt\u00f3ry\u00a0idealnie wsp\u00f3\u0142gra ze\u00a0\u015bwie\u017cym pieczywem. Mixy \u0141aciate wytwarzane s\u0105 ze\u00a0\u015bmietanki otrzymywanej ze\u00a0\u015bwie\u017cego mleka bez\u00a0GMO, nie\u00a0zawieraj\u0105 t\u0142uszcz\u00f3w utwardzonych, konserwant\u00f3w czy\u00a0barwnik\u00f3w. Mixy opakowane s\u0105 w\u00a0estetyczne i\u00a0praktyczne pude\u0142ka, kt\u00f3re zawieraj\u0105 200 gram\u00f3w produktu.<\/p>\n","protected":false},"featured_media":27126,"template":"","meta":[],"product_cat":[19,39],"product_tag":[],"_links":{"self":[{"href":"https:\/\/mlekpol.com.pl\/index.php\/wp-json\/wp\/v2\/product\/16361"}],"collection":[{"href":"https:\/\/mlekpol.com.pl\/index.php\/wp-json\/wp\/v2\/product"}],"about":[{"href":"https:\/\/mlekpol.com.pl\/index.php\/wp-json\/wp\/v2\/types\/product"}],"wp:featuredmedia":[{"embeddable":true,"href":"https:\/\/mlekpol.com.pl\/index.php\/wp-json\/wp\/v2\/media\/27126"}],"wp:attachment":[{"href":"https:\/\/mlekpol.com.pl\/index.php\/wp-json\/wp\/v2\/media?parent=16361"}],"wp:term":[{"taxonomy":"product_cat","embeddable":true,"href":"https:\/\/mlekpol.com.pl\/index.php\/wp-json\/wp\/v2\/product_cat?post=16361"},{"taxonomy":"product_tag","embeddable":true,"href":"https:\/\/mlekpol.com.pl\/index.php\/wp-json\/wp\/v2\/product_tag?post=16361"}],"curies":[{"name":"wp","href":"https:\/\/api.w.org\/{rel}","templated":true}]}}