
{"id":907,"date":"2018-06-19T14:35:48","date_gmt":"2018-06-19T12:35:48","guid":{"rendered":"http:\/\/mlekpol.thinq.pl\/?page_id=907"},"modified":"2023-05-30T14:37:03","modified_gmt":"2023-05-30T12:37:03","slug":"obowiazek-informacyjny","status":"publish","type":"page","link":"https:\/\/mlekpol.com.pl\/index.php\/obowiazek-informacyjny\/","title":{"rendered":"Obowi\u0105zek informacyjny dla kandydat\u00f3w do pracy w SM MLEKPOL"},"content":{"rendered":"<p>1. Administratorem Pani\/Pana danych osobowych jest Sp\u00f3\u0142dzielnia Mleczarska Mlekpol z siedzib\u0105 w Grajewie (\u201eAdministrator\u201d). kontakt: centrala@mlekpol.com.pl, tel. 086-273-04-00,<br \/>\n2. Sp\u00f3\u0142dzielnia Mleczarska Mlekpol powo\u0142a\u0142a Inspektora Ochrony Danych, kt\u00f3ry dost\u0119pny jest pod adresem e-mail iod@mlekpol.com.pl, tel. 086-273-04-37<br \/>\n3. Pani\/Pana dane osobowe s\u0105 przetwarzane w celu przeprowadzenia przez Administratora procesu rekrutacji.<br \/>\n4. Dane osobowe przetwarzane s\u0105 na podstawie obowi\u0105zuj\u0105cych przepis\u00f3w Kodeksu pracy lub innych akt\u00f3w prawnych, z kt\u00f3rych wynika konieczno\u015b\u0107 wype\u0142nienia przez Administratora obowi\u0105zku na\u0142o\u017conego na niego przepisem prawa, oraz na podstawie zgody wyra\u017conej w zakresie dobrowolnie podanych przez Pana\/Pani\u0105 danych w zwi\u0105zku z uczestnictwem w procesie rekrutacji.<br \/>\n5. W przypadku wyra\u017cenia dobrowolnej zgody, dane osobowe mog\u0105 by\u0107 przetwarzane do celu przysz\u0142ych rekrutacji (art. 6 ust. 1 lit. a RODO).<br \/>\n6. Pani\/Pana dane osobowe nie s\u0105 udost\u0119pniane odbiorcom danych w rozumieniu art. 4 pkt. 9 RODO.<br \/>\n7. Pani\/Pana dane osobowe b\u0119d\u0105 przetwarzane przez okres prowadzenia rekrutacji. W zakresie w jakim udzielono zgody na przysz\u0142e rekrutacje \u2013 do 3 lat.<br \/>\n8. Ma Pani\/Pan prawo \u017c\u0105dania dost\u0119pu do Pani\/Pana danych osobowych, \u017c\u0105dania ich sprostowania, \u017c\u0105dania ich usuni\u0119cia, \u017c\u0105dania ograniczenia ich przetwarzania, prawo do przenoszenia danych oraz prawo do sprzeciwu.<br \/>\n9. Mo\u017ce Pani\/Pan w ka\u017cdym momencie cofn\u0105\u0107 zgod\u0119 na przetwarzanie danych osobowych. Cofni\u0119cie zgody nie wp\u0142ywa na zgodno\u015b\u0107 z prawem przetwarzania, kt\u00f3rego dokonano na podstawie zgody przed jej cofni\u0119ciem.<br \/>\n10. Przys\u0142uguje Pani\/Panu prawo do wniesienia skargi do organu nadzorczego w\u0142a\u015bciwego dla ochrony danych osobowych.<br \/>\n11. Podanie danych osobowych jest dobrowolne, aczkolwiek konieczne do przeprowadzenia procesu rekrutacji.<\/p>\n","protected":false},"excerpt":{"rendered":"<p>1. Administratorem Pani\/Pana danych osobowych jest Sp\u00f3\u0142dzielnia Mleczarska Mlekpol z siedzib\u0105 w Grajewie (\u201eAdministrator\u201d). kontakt: centrala@mlekpol.com.pl, tel. 086-273-04-00, 2. Sp\u00f3\u0142dzielnia Mleczarska Mlekpol powo\u0142a\u0142a Inspektora Ochrony Danych, kt\u00f3ry dost\u0119pny jest pod adresem e-mail iod@mlekpol.com.pl, tel. 086-273-04-37 3. Pani\/Pana dane osobowe s\u0105 przetwarzane w celu przeprowadzenia przez Administratora procesu rekrutacji. 4. Dane osobowe przetwarzane s\u0105 na podstawie [&hellip;]<\/p>\n","protected":false},"author":1,"featured_media":0,"parent":0,"menu_order":22,"comment_status":"closed","ping_status":"closed","template":"StronaOneColumn.php","meta":[],"_links":{"self":[{"href":"https:\/\/mlekpol.com.pl\/index.php\/wp-json\/wp\/v2\/pages\/907"}],"collection":[{"href":"https:\/\/mlekpol.com.pl\/index.php\/wp-json\/wp\/v2\/pages"}],"about":[{"href":"https:\/\/mlekpol.com.pl\/index.php\/wp-json\/wp\/v2\/types\/page"}],"author":[{"embeddable":true,"href":"https:\/\/mlekpol.com.pl\/index.php\/wp-json\/wp\/v2\/users\/1"}],"replies":[{"embeddable":true,"href":"https:\/\/mlekpol.com.pl\/index.php\/wp-json\/wp\/v2\/comments?post=907"}],"version-history":[{"count":2,"href":"https:\/\/mlekpol.com.pl\/index.php\/wp-json\/wp\/v2\/pages\/907\/revisions"}],"predecessor-version":[{"id":16366,"href":"https:\/\/mlekpol.com.pl\/index.php\/wp-json\/wp\/v2\/pages\/907\/revisions\/16366"}],"wp:attachment":[{"href":"https:\/\/mlekpol.com.pl\/index.php\/wp-json\/wp\/v2\/media?parent=907"}],"curies":[{"name":"wp","href":"https:\/\/api.w.org\/{rel}","templated":true}]}}