
{"id":766,"date":"2018-06-18T11:00:13","date_gmt":"2018-06-18T09:00:13","guid":{"rendered":"http:\/\/mlekpol.thinq.pl\/?page_id=766"},"modified":"2023-12-29T13:28:17","modified_gmt":"2023-12-29T12:28:17","slug":"kariera","status":"publish","type":"page","link":"https:\/\/mlekpol.com.pl\/index.php\/kariera\/","title":{"rendered":"SM MLEKPOL dobrym pracodawc\u0105"},"content":{"rendered":"<p>Do\u0142\u0105czaj\u0105c do naszego zespo\u0142u, zyskujesz pewno\u015b\u0107, \u017ce pracujesz w firmie o ugruntowanej pozycji na rynku. SM Mlekpol ceni wiedz\u0119 i umiej\u0119tno\u015bci. Zapewnia rozw\u00f3j zawodowy. Gwarantujemy naszym pracownikom udzia\u0142 zar\u00f3wno w szkoleniach specjalistycznych, jak i warsztatach rozwoju osobistego.<\/p>\n<p>&nbsp;<\/p>\n<p>Cenimy wsp\u00f3\u0142prac\u0119, przyjazne relacje i pozytywny klimat. Ch\u0119tnie poznajemy si\u0119 lepiej przy okazji spotka\u0144 integracyjnych.<\/p>\n<p>&nbsp;<\/p>\n<p>Sp\u00f3\u0142dzielnia Mleczarska Mlekpol zatrudnia oko\u0142o 3000 os\u00f3b w swoich 14 zak\u0142adach produkcyjnych. Jest jednym z najwi\u0119kszych pracodawc\u00f3w wojew\u00f3dztwa podlaskiego.<\/p>\n<p>By\u0142a wielokrotnie nagradzana za swoja praktyk\u0119 kadrow\u0105 i ma na koncie m.in. tytu\u0142y Najwi\u0119kszego Pracodawcy Podlasia czy Top Pracodawcy Wojew\u00f3dztwa Podlaskiego oraz znalaz\u0142a si\u0119 w gronie 50 najlepszych pracodawc\u00f3w wed\u0142ug magazynu \u201eForbes\u201d.<\/p>\n<p>&nbsp;<\/p>\n<p>Aktualne oferty pracy znajdziesz klikaj\u0105c w odpowiedni Zak\u0142ad<\/p>\n","protected":false},"excerpt":{"rendered":"<p>Do\u0142\u0105czaj\u0105c do naszego zespo\u0142u, zyskujesz pewno\u015b\u0107, \u017ce pracujesz w firmie o ugruntowanej pozycji na rynku. SM Mlekpol ceni wiedz\u0119 i umiej\u0119tno\u015bci. Zapewnia rozw\u00f3j zawodowy. Gwarantujemy naszym pracownikom udzia\u0142 zar\u00f3wno w szkoleniach specjalistycznych, jak i warsztatach rozwoju osobistego. &nbsp; Cenimy wsp\u00f3\u0142prac\u0119, przyjazne relacje i pozytywny klimat. Ch\u0119tnie poznajemy si\u0119 lepiej przy okazji spotka\u0144 integracyjnych. &nbsp; Sp\u00f3\u0142dzielnia [&hellip;]<\/p>\n","protected":false},"author":1,"featured_media":0,"parent":0,"menu_order":36,"comment_status":"closed","ping_status":"closed","template":"StronaZaklady.php","meta":[],"_links":{"self":[{"href":"https:\/\/mlekpol.com.pl\/index.php\/wp-json\/wp\/v2\/pages\/766"}],"collection":[{"href":"https:\/\/mlekpol.com.pl\/index.php\/wp-json\/wp\/v2\/pages"}],"about":[{"href":"https:\/\/mlekpol.com.pl\/index.php\/wp-json\/wp\/v2\/types\/page"}],"author":[{"embeddable":true,"href":"https:\/\/mlekpol.com.pl\/index.php\/wp-json\/wp\/v2\/users\/1"}],"replies":[{"embeddable":true,"href":"https:\/\/mlekpol.com.pl\/index.php\/wp-json\/wp\/v2\/comments?post=766"}],"version-history":[{"count":8,"href":"https:\/\/mlekpol.com.pl\/index.php\/wp-json\/wp\/v2\/pages\/766\/revisions"}],"predecessor-version":[{"id":26547,"href":"https:\/\/mlekpol.com.pl\/index.php\/wp-json\/wp\/v2\/pages\/766\/revisions\/26547"}],"wp:attachment":[{"href":"https:\/\/mlekpol.com.pl\/index.php\/wp-json\/wp\/v2\/media?parent=766"}],"curies":[{"name":"wp","href":"https:\/\/api.w.org\/{rel}","templated":true}]}}