
{"id":387,"date":"2018-06-08T14:51:43","date_gmt":"2018-06-08T12:51:43","guid":{"rendered":"http:\/\/mlekpol.com.pl\/?page_id=387"},"modified":"2023-11-17T14:32:08","modified_gmt":"2023-11-17T13:32:08","slug":"polityka_sm_mlekpol","status":"publish","type":"page","link":"https:\/\/mlekpol.com.pl\/index.php\/o-firmie\/polityka_sm_mlekpol\/","title":{"rendered":"Polityka SM \u201eMLEKPOL\u201d w Grajewie"},"content":{"rendered":"<p>Sp\u00f3\u0142dzielnia Mleczarska \u201eMLEKPOL\u201d w Grajewie\u00a0 jest wiod\u0105c\u0105 firm\u0105 na krajowym rynku mleczarskim i prowadzi dzia\u0142alno\u015b\u0107 gospodarcz\u0105 w imieniu swoich Cz\u0142onk\u00f3w. Skutecznie przewodzi przemianom w polskim mleczarstwie, utrzymuj\u0105c pozycj\u0119 najwi\u0119kszego przetw\u00f3rcy mleka i producenta wyrob\u00f3w mleczarskich w Polsce.<\/p>\n<p>Spe\u0142nia standardy, respektuje przepisy krajowe i mi\u0119dzynarodowe w zakresie swojej dzia\u0142alno\u015bci.<\/p>\n<p>Nadrz\u0119dnym celem dzia\u0142alno\u015bci Sp\u00f3\u0142dzielni Mleczarskiej \u201eMLEKPOL\u201d jest:<\/p>\n<p>&#8211; produkcja i sprzeda\u017c polskich, naturalnych, bezpiecznych wyrob\u00f3w mleczarskich o wysokiej jako\u015bci, spe\u0142niaj\u0105cych wymagania i oczekiwania Klient\u00f3w,<\/p>\n<p>&#8211; umacnianie pozycji lidera na rynku mleczarskim,<\/p>\n<p>&#8211; uzyskiwanie wynik\u00f3w finansowych gwarantuj\u0105cych ci\u0105g\u0142y rozw\u00f3j i zadowolenie cz\u0142onk\u00f3w Sp\u00f3\u0142dzielni,<\/p>\n<p>&#8211; wdro\u017cenie zasad zr\u00f3wnowa\u017conego rozwoju.<\/p>\n<p>SM \u201eMLEKPOL\u201d przyj\u0119te cele osi\u0105ga przez:<\/p>\n<ul>\n<li>analiz\u0119 pomiaru satysfakcji Klienta oraz spe\u0142nianie jego oczekiwa\u0144,<\/li>\n<li>zapewnienie ochrony zdrowia Konsumenta na wszystkich etapach procesu produkcyjnego,<\/li>\n<li>partnersk\u0105 wsp\u00f3\u0142prac\u0119 z producentami mleka, cz\u0142onkami Sp\u00f3\u0142dzielni,<\/li>\n<li>dbanie o wysoki poziom kompetencji i zadowolenia Pracownik\u00f3w,<\/li>\n<li>zapewnienie dialogu z interesariuszami i uwzgl\u0119dnienie ich g\u0142osu w dzia\u0142alno\u015bci biznesowej,<\/li>\n<li>utrzymanie zintegrowanego systemu zarz\u0105dzania i ci\u0105g\u0142e doskonalenie jego skuteczno\u015bci i efektywno\u015bci,<\/li>\n<li>spe\u0142nienie wymaga\u0144 prawnych i innych w zakresie produkcji \u017cywno\u015bci i ochrony \u015brodowiska,<\/li>\n<li>zarz\u0105dzanie aspektami \u015brodowiskowymi wyznaczonymi w Sp\u00f3\u0142dzielni,<\/li>\n<li>wdra\u017canie innowacyjnych technologii uwzgl\u0119dniaj\u0105cych minimalizowanie negatywnych oddzia\u0142ywa\u0144 na warunki \u015brodowiska.<\/li>\n<\/ul>\n<p>Zarz\u0105d SM \u201eMLEKPOL\u201d w Grajewie zdefiniowa\u0142 powy\u017csze zadania i przyjmuje odpowiedzialno\u015b\u0107 za ich realizacj\u0119. Najwy\u017csze Kierownictwo zapewnia i przeznacza \u015brodki na wdro\u017cenie oraz utrzymanie ZINTEGROWANEGO SYSTEMU ZARZ\u0104DZANIA i sprawuje nadz\u00f3r nad jego funkcjonowaniem.<\/p>\n<p>Prezes Zarz\u0105du<\/p>\n<p>Sp\u00f3\u0142dzielni Mleczarskiej \u201eMLEKPOL\u201d<\/p>\n<p>&nbsp;<\/p>\n<p>&nbsp;<\/p>\n<p>&nbsp;<\/p>\n<p>Grajewo, 06.05.2016 r.<\/p>\n","protected":false},"excerpt":{"rendered":"<p>Sp\u00f3\u0142dzielnia Mleczarska \u201eMLEKPOL\u201d w Grajewie\u00a0 jest wiod\u0105c\u0105 firm\u0105 na krajowym rynku mleczarskim i prowadzi dzia\u0142alno\u015b\u0107 gospodarcz\u0105 w imieniu swoich Cz\u0142onk\u00f3w. Skutecznie przewodzi przemianom w polskim mleczarstwie, utrzymuj\u0105c pozycj\u0119 najwi\u0119kszego przetw\u00f3rcy mleka i producenta wyrob\u00f3w mleczarskich w Polsce. Spe\u0142nia standardy, respektuje przepisy krajowe i mi\u0119dzynarodowe w zakresie swojej dzia\u0142alno\u015bci. Nadrz\u0119dnym celem dzia\u0142alno\u015bci Sp\u00f3\u0142dzielni Mleczarskiej \u201eMLEKPOL\u201d jest: [&hellip;]<\/p>\n","protected":false},"author":1,"featured_media":0,"parent":246,"menu_order":0,"comment_status":"closed","ping_status":"closed","template":"StronaOFirmie.php","meta":[],"_links":{"self":[{"href":"https:\/\/mlekpol.com.pl\/index.php\/wp-json\/wp\/v2\/pages\/387"}],"collection":[{"href":"https:\/\/mlekpol.com.pl\/index.php\/wp-json\/wp\/v2\/pages"}],"about":[{"href":"https:\/\/mlekpol.com.pl\/index.php\/wp-json\/wp\/v2\/types\/page"}],"author":[{"embeddable":true,"href":"https:\/\/mlekpol.com.pl\/index.php\/wp-json\/wp\/v2\/users\/1"}],"replies":[{"embeddable":true,"href":"https:\/\/mlekpol.com.pl\/index.php\/wp-json\/wp\/v2\/comments?post=387"}],"version-history":[{"count":4,"href":"https:\/\/mlekpol.com.pl\/index.php\/wp-json\/wp\/v2\/pages\/387\/revisions"}],"predecessor-version":[{"id":1634,"href":"https:\/\/mlekpol.com.pl\/index.php\/wp-json\/wp\/v2\/pages\/387\/revisions\/1634"}],"up":[{"embeddable":true,"href":"https:\/\/mlekpol.com.pl\/index.php\/wp-json\/wp\/v2\/pages\/246"}],"wp:attachment":[{"href":"https:\/\/mlekpol.com.pl\/index.php\/wp-json\/wp\/v2\/media?parent=387"}],"curies":[{"name":"wp","href":"https:\/\/api.w.org\/{rel}","templated":true}]}}