
{"id":383,"date":"2018-06-08T14:46:06","date_gmt":"2018-06-08T12:46:06","guid":{"rendered":"http:\/\/mlekpol.com.pl\/?page_id=383"},"modified":"2022-10-03T14:06:15","modified_gmt":"2022-10-03T12:06:15","slug":"horeca","status":"publish","type":"page","link":"https:\/\/mlekpol.com.pl\/index.php\/horeca\/","title":{"rendered":"HoReCa"},"content":{"rendered":"<p>Wyroby mleczarskie to nieodzowny element tradycyjnego polskiego \u015bniadania. Nie mo\u017ce ich zabrakn\u0105\u0107 w menu renomowanego hotelu czy restauracji. Oferta SM MLEKPOL jest bogata. Mamy szerok\u0105 gam\u0119 produkt\u00f3w generycznych, jak mleko, mas\u0142o czy sery, a tak\u017ce \u015bmietanki, wyroby fermentowane, twaro\u017cki oraz lini\u0119 wyrob\u00f3w bezlaktozowych. Wszystkie wyroby Mlekpolu dostarczane s\u0105 w wygodnych, bezpiecznych opakowaniach, idealnych jako porcja dla konsumenta albo \u0142atwych do podzia\u0142u i zaserwowania przez szefa kuchni.<\/p>\n<p>Z my\u015bl\u0105 o u\u0142atwieniu pracy szefom kuchni w 2016 r. powsta\u0142a nowa linia produkt\u00f3w pod mark\u0105 Mleczarnia dla kana\u0142u HoReCa. To pierwsza marka SM MLEKPOL oferuj\u0105ca produkty specjalnie dla hoteli, restauracji i cateringu. Od marek Premium r\u00f3\u017cni je opakowanie i cena. W ofercie Mleczarni mamy: mleko UHT w dw\u00f3ch zawarto\u015bciach t\u0142uszczu 2% i 3,2%, w kartonach o pojemno\u015bci 1 l, serek \u015bmietankowy w wygodnych 1-kilogramowych wiaderkach, mas\u0142o ekstra w blokach 1- i 2-kilogramowych.<\/p>\n<p>Nie zapominamy tak\u017ce o baristach. Od dw\u00f3ch lat dost\u0119pne jest mleko UHT Milatte\u00a0 &#8211; idealne do spieniania. Dzi\u0119ki wy\u017cszej zawarto\u015bci bia\u0142ka mleko perfekcyjnie spienia si\u0119, tworz\u0105c lekk\u0105, mleczn\u0105 pian\u0119. Milatte to zupe\u0142nie nowa jako\u015b\u0107 latte, latte macchiato czy cappuccino.<\/p>\n","protected":false},"excerpt":{"rendered":"<p>Wyroby mleczarskie to nieodzowny element tradycyjnego polskiego \u015bniadania. Nie mo\u017ce ich zabrakn\u0105\u0107 w menu renomowanego hotelu czy restauracji. Oferta SM MLEKPOL jest bogata. Mamy szerok\u0105 gam\u0119 produkt\u00f3w generycznych, jak mleko, mas\u0142o czy sery, a tak\u017ce \u015bmietanki, wyroby fermentowane, twaro\u017cki oraz lini\u0119 wyrob\u00f3w bezlaktozowych. Wszystkie wyroby Mlekpolu dostarczane s\u0105 w wygodnych, bezpiecznych opakowaniach, idealnych jako porcja [&hellip;]<\/p>\n","protected":false},"author":1,"featured_media":0,"parent":0,"menu_order":10,"comment_status":"closed","ping_status":"closed","template":"StronaOFirmie.php","meta":[],"_links":{"self":[{"href":"https:\/\/mlekpol.com.pl\/index.php\/wp-json\/wp\/v2\/pages\/383"}],"collection":[{"href":"https:\/\/mlekpol.com.pl\/index.php\/wp-json\/wp\/v2\/pages"}],"about":[{"href":"https:\/\/mlekpol.com.pl\/index.php\/wp-json\/wp\/v2\/types\/page"}],"author":[{"embeddable":true,"href":"https:\/\/mlekpol.com.pl\/index.php\/wp-json\/wp\/v2\/users\/1"}],"replies":[{"embeddable":true,"href":"https:\/\/mlekpol.com.pl\/index.php\/wp-json\/wp\/v2\/comments?post=383"}],"version-history":[{"count":1,"href":"https:\/\/mlekpol.com.pl\/index.php\/wp-json\/wp\/v2\/pages\/383\/revisions"}],"predecessor-version":[{"id":384,"href":"https:\/\/mlekpol.com.pl\/index.php\/wp-json\/wp\/v2\/pages\/383\/revisions\/384"}],"wp:attachment":[{"href":"https:\/\/mlekpol.com.pl\/index.php\/wp-json\/wp\/v2\/media?parent=383"}],"curies":[{"name":"wp","href":"https:\/\/api.w.org\/{rel}","templated":true}]}}