
{"id":378,"date":"2018-06-08T14:24:00","date_gmt":"2018-06-08T12:24:00","guid":{"rendered":"http:\/\/mlekpol.com.pl\/?page_id=378"},"modified":"2025-11-27T21:41:41","modified_gmt":"2025-11-27T20:41:41","slug":"certyfikaty-jakosci","status":"publish","type":"page","link":"https:\/\/mlekpol.com.pl\/index.php\/o-firmie\/certyfikaty-jakosci\/","title":{"rendered":"Certyfikaty jako\u015bci"},"content":{"rendered":"<p><a href=\"http:\/\/mlekpol.thinq.pl\/wp-content\/uploads\/2018\/07\/Certyfikaty.zip\">Certyfikaty<\/a><\/p>\n<p>Najwy\u017csza jako\u015b\u0107 produkt\u00f3w MLEKPOLU to m.in. efekt starannego przygotowania proces\u00f3w zwi\u0105zanych z ich produkcj\u0105. Reguluj\u0105 je rygorystyczne przepisy i mi\u0119dzynarodowe normy.<\/p>\n<p>Wszystkie zak\u0142ady Sp\u00f3\u0142dzielni Mleczarskiej MLEKPOL spe\u0142niaj\u0105 najwy\u017csze standardy i normy opracowane dla producent\u00f3w \u017cywno\u015bci \u2013 w tym International Food Standard (IFS), system zapewnienia bezpiecze\u0144stwa w procesie produkcji \u017cywno\u015bci \u2013 HACCP wg Codex Alimentarius. Ponadto zak\u0142ady w Grajewie, Mr\u0105gowie, Zambrowie i Kolnie, kt\u00f3rych eksportowe produkty trafiaj\u0105 \u2013 opr\u00f3cz innych pa\u0144stw docelowych \u2013 r\u00f3wnie\u017c do Wielkiej Brytanii, wdro\u017cy\u0142y norm\u0119 British Retail Consortium (BRC), honorowan\u0105 w Zjednoczonym Kr\u00f3lestwie, ale tak\u017ce w polskich marketach nale\u017c\u0105cych do brytyjskich sieci handlowych. Dodatkowo zak\u0142ady w Grajewie i Mr\u0105gowie posiadaj\u0105 wysoce restrykcyjny certyfikat Kosher, kt\u00f3ry umo\u017cliwia wsp\u00f3\u0142prac\u0119 handlow\u0105 z Izraelem, jak r\u00f3wnie\u017c certyfikat Halal, u\u0142atwiaj\u0105cy sprzeda\u017c wyrob\u00f3w kontrahentom muzu\u0142ma\u0144skim. Certyfikat Halal posiadaj\u0105 tak\u017ce zak\u0142ady w Zambrowie i Kolnie.<\/p>\n","protected":false},"excerpt":{"rendered":"<p>Certyfikaty Najwy\u017csza jako\u015b\u0107 produkt\u00f3w MLEKPOLU to m.in. efekt starannego przygotowania proces\u00f3w zwi\u0105zanych z ich produkcj\u0105. Reguluj\u0105 je rygorystyczne przepisy i mi\u0119dzynarodowe normy. Wszystkie zak\u0142ady Sp\u00f3\u0142dzielni Mleczarskiej MLEKPOL spe\u0142niaj\u0105 najwy\u017csze standardy i normy opracowane dla producent\u00f3w \u017cywno\u015bci \u2013 w tym International Food Standard (IFS), system zapewnienia bezpiecze\u0144stwa w procesie produkcji \u017cywno\u015bci \u2013 HACCP wg Codex Alimentarius. [&hellip;]<\/p>\n","protected":false},"author":1,"featured_media":0,"parent":246,"menu_order":0,"comment_status":"closed","ping_status":"closed","template":"StronaOFirmieCertyfikaty.php","meta":[],"_links":{"self":[{"href":"https:\/\/mlekpol.com.pl\/index.php\/wp-json\/wp\/v2\/pages\/378"}],"collection":[{"href":"https:\/\/mlekpol.com.pl\/index.php\/wp-json\/wp\/v2\/pages"}],"about":[{"href":"https:\/\/mlekpol.com.pl\/index.php\/wp-json\/wp\/v2\/types\/page"}],"author":[{"embeddable":true,"href":"https:\/\/mlekpol.com.pl\/index.php\/wp-json\/wp\/v2\/users\/1"}],"replies":[{"embeddable":true,"href":"https:\/\/mlekpol.com.pl\/index.php\/wp-json\/wp\/v2\/comments?post=378"}],"version-history":[{"count":3,"href":"https:\/\/mlekpol.com.pl\/index.php\/wp-json\/wp\/v2\/pages\/378\/revisions"}],"predecessor-version":[{"id":2121,"href":"https:\/\/mlekpol.com.pl\/index.php\/wp-json\/wp\/v2\/pages\/378\/revisions\/2121"}],"up":[{"embeddable":true,"href":"https:\/\/mlekpol.com.pl\/index.php\/wp-json\/wp\/v2\/pages\/246"}],"wp:attachment":[{"href":"https:\/\/mlekpol.com.pl\/index.php\/wp-json\/wp\/v2\/media?parent=378"}],"curies":[{"name":"wp","href":"https:\/\/api.w.org\/{rel}","templated":true}]}}