
{"id":30485,"date":"2025-05-14T13:56:48","date_gmt":"2025-05-14T11:56:48","guid":{"rendered":"https:\/\/mlekpol.com.pl\/?page_id=30485"},"modified":"2025-05-22T10:54:38","modified_gmt":"2025-05-22T08:54:38","slug":"ubezpieczenia","status":"publish","type":"page","link":"https:\/\/mlekpol.com.pl\/index.php\/producenci-mleka\/ubezpieczenia\/","title":{"rendered":"Ubezpieczenia OC"},"content":{"rendered":"<h3>Kim jeste\u015bmy ?<\/h3>\n<p>Jeste\u015bmy polskimi rolnikami, hodowcami byd\u0142a i producentami mleka. Utworzyli\u015bmy sp\u00f3\u0142dzielni\u0119, \u017ceby wsp\u00f3lnie pokonywa\u0107 problemy i uzyska\u0107 jak najlepsze efekty z wysi\u0142ku w\u0142o\u017conego w produkcj\u0119 mleka. Jest nas ponad dziewi\u0119\u0107 i p\u00f3\u0142 tysi\u0105ca. Jeste\u015bmy najwi\u0119ksz\u0105 Sp\u00f3\u0142dzielni\u0105 Mleczarsk\u0105 w Polsce i skupujemy oraz przetwarzamy ponad 15% polskiego mleka najwy\u017cszej jako\u015bci.<\/p>\n<h3>Sk\u0105d pochodzi i gdzie trafia Nasze mleko ?<\/h3>\n<p>Nasze mleko produkowane jest przede wszystkim w ma\u0142ych i du\u017cych gospodarstwach rodzinnych w nieska\u017conych przemys\u0142em rejonach Podlasia, Warmii i Mazur oraz Kujaw. Krowy wypasane na narwia\u0144skich, biebrza\u0144skich i nadnoteckich \u0142\u0105kach, w s\u0105siedztwie park\u00f3w narodowych i obszar\u00f3w chronionych, produkuj\u0105 mleko najwy\u017cszej jako\u015bci. Dzi\u015b skupujemy prawie 5 i p\u00f3\u0142 miliona litr\u00f3w mleka dziennie, kt\u00f3re przetwarzane jest zachowaniem najwy\u017cszych re\u017cim\u00f3w sanitarnych i jako\u015bciowych w 12 zak\u0142adach. Pyszne i zdrowe wyroby z naszego mleka s\u0105 ch\u0119tnie spo\u017cywane przez konsument\u00f3w w kraju i poza jego granicami, nawet w dalekich Chinach i Wietnamie. Znasz takie nazwy \u0141aciate, Milko, Ma\u015blanka Mr\u0105gowska, Ser Kr\u00f3lewski z Kolna? Ka\u017cda z nich oznacza cz\u0105stk\u0119 ci\u0119\u017ckiej pracy ka\u017cdego z Nas. W ka\u017cdym z produkt\u00f3w MLEKPOL-u jest kropla wyprodukowanego w Naszych gospodarstwach mleka. Staramy si\u0119 zaspokoi\u0107 wymagania nawet najbardziej wyrafinowanych konsument\u00f3w, dlatego nasze krowy \u017cywione s\u0105 wy\u0142\u0105cznie paszami bez modyfikacji genetycznych i produkuj\u0105 naturalne mleko najwy\u017cszej jako\u015bci.<\/p>\n<h3>Na jakich zasadach funkcjonujemy?<\/h3>\n<p>Nie robimy wyj\u0105tk\u00f3w. Wszyscy jeste\u015bmy cz\u0142onkami sp\u00f3\u0142dzielni. Ze wszystkimi dostawcami mleka, niezale\u017cnie od wielko\u015bci dostaw wsp\u00f3\u0142pracujemy na zasadach Sp\u00f3\u0142dzielczych. Podstaw\u0105 dzia\u0142alno\u015bci Naszej Sp\u00f3\u0142dzielni s\u0105 przepisy obowi\u0105zuj\u0105cego w Polsce prawa, Statut Sp\u00f3\u0142dzielni i Uchwa\u0142y Organ\u00f3w Sp\u00f3\u0142dzielni. Gwarancj\u0105 rzetelnej i d\u0142ugotrwa\u0142ej wsp\u00f3\u0142pracy w zakresie skupu mleka jest cz\u0142onkostwo w sp\u00f3\u0142dzielni oraz jednakowe dla wszystkich: Cennik i Umowa kontraktacyjna na dostawy mleka .<\/p>\n","protected":false},"excerpt":{"rendered":"<p>Kim jeste\u015bmy ? Jeste\u015bmy polskimi rolnikami, hodowcami byd\u0142a i producentami mleka. Utworzyli\u015bmy sp\u00f3\u0142dzielni\u0119, \u017ceby wsp\u00f3lnie pokonywa\u0107 problemy i uzyska\u0107 jak najlepsze efekty z wysi\u0142ku w\u0142o\u017conego w produkcj\u0119 mleka. Jest nas ponad dziewi\u0119\u0107 i p\u00f3\u0142 tysi\u0105ca. Jeste\u015bmy najwi\u0119ksz\u0105 Sp\u00f3\u0142dzielni\u0105 Mleczarsk\u0105 w Polsce i skupujemy oraz przetwarzamy ponad 15% polskiego mleka najwy\u017cszej jako\u015bci. Sk\u0105d pochodzi i gdzie [&hellip;]<\/p>\n","protected":false},"author":11,"featured_media":0,"parent":252,"menu_order":2,"comment_status":"closed","ping_status":"closed","template":"StronaListyProducentow.php","meta":[],"_links":{"self":[{"href":"https:\/\/mlekpol.com.pl\/index.php\/wp-json\/wp\/v2\/pages\/30485"}],"collection":[{"href":"https:\/\/mlekpol.com.pl\/index.php\/wp-json\/wp\/v2\/pages"}],"about":[{"href":"https:\/\/mlekpol.com.pl\/index.php\/wp-json\/wp\/v2\/types\/page"}],"author":[{"embeddable":true,"href":"https:\/\/mlekpol.com.pl\/index.php\/wp-json\/wp\/v2\/users\/11"}],"replies":[{"embeddable":true,"href":"https:\/\/mlekpol.com.pl\/index.php\/wp-json\/wp\/v2\/comments?post=30485"}],"version-history":[{"count":3,"href":"https:\/\/mlekpol.com.pl\/index.php\/wp-json\/wp\/v2\/pages\/30485\/revisions"}],"predecessor-version":[{"id":30499,"href":"https:\/\/mlekpol.com.pl\/index.php\/wp-json\/wp\/v2\/pages\/30485\/revisions\/30499"}],"up":[{"embeddable":true,"href":"https:\/\/mlekpol.com.pl\/index.php\/wp-json\/wp\/v2\/pages\/252"}],"wp:attachment":[{"href":"https:\/\/mlekpol.com.pl\/index.php\/wp-json\/wp\/v2\/media?parent=30485"}],"curies":[{"name":"wp","href":"https:\/\/api.w.org\/{rel}","templated":true}]}}