
{"id":26838,"date":"2024-02-09T13:48:56","date_gmt":"2024-02-09T12:48:56","guid":{"rendered":"https:\/\/mlekpol.com.pl\/?page_id=26838"},"modified":"2024-02-09T14:05:54","modified_gmt":"2024-02-09T13:05:54","slug":"zpm-lodz","status":"publish","type":"page","link":"https:\/\/mlekpol.com.pl\/index.php\/o-firmie\/nasze-zaklady\/zpm-lodz\/","title":{"rendered":"ZPM \u0141\u00f3d\u017a"},"content":{"rendered":"<p style=\"font-weight: 400;\"><strong>Oddzia\u0142 Zak\u0142ad Produkcji Mleczarskiej w \u0141odzi jest roku cz\u0119\u015bci\u0105 Sp\u00f3\u0142dzielni Mleczarskiej Mlekpol w Grajewie od czerwca 2023. Wcze\u015bniej funkcjonowa\u0142 jako \u201eJOGO\u201d\u2013 \u0141\u00f3dzka Sp\u00f3\u0142dzielnia Mleczarska.\u00a0<\/strong><\/p>\n<p style=\"font-weight: 400;\">Zak\u0142ad przerabia rocznie ok. 21 mln litr\u00f3w mleka od ok. 120\u00a0dostawc\u00f3w.<\/p>\n<p style=\"font-weight: 400;\">Wytwarzane s\u0105 tam wysokiej jako\u015bci wyroby mleczarskie, takie jak: twaro\u017cki wiejskie (luksusowy i ze szczypiorkiem), ma\u015blanka naturalna oraz kefiry.<\/p>\n<p style=\"font-weight: 400;\">W \u0142\u00f3dzkim zak\u0142adzie produkowane s\u0105 tak\u017ce lody Bambino, b\u0119d\u0105ce w ofercie od 1968 roku. To klasyczne lody na patyku \u2013 \u015bmietankowe, w polewie czekoladowej i o intensywnym smaku wi\u015bni w polewie czekoladowej. Lody Bambino s\u0105 dope\u0142nieniem rodzinnych spotka\u0144, daj\u0105 chwile przyjemno\u015bci i och\u0142ody podczas letnich dni, pozwalaj\u0105 wr\u00f3ci\u0107 do beztroskiego dzieci\u0144stwa i cieszy\u0107 si\u0119 tradycyjnym smakiem.<\/p>\n<p style=\"font-weight: 400;\">Historia\u00a0sp\u00f3\u0142dzielni\u00a0JOGO si\u0119ga po\u0142owy lat 30. ubieg\u0142ego wieku. Na przestrzeni lat zak\u0142ad rozwin\u0105\u0142 si\u0119, unowocze\u015bni\u0142 i zdywersyfikowa\u0142 ofert\u0119, odpowiadaj\u0105c na potrzeby wsp\u00f3\u0142czesnych konsument\u00f3w, poszukuj\u0105cych zdrowych i smacznych produkt\u00f3w mlecznych.<\/p>\n<p style=\"font-weight: 400;\"><strong>ZPM w\u00a0\u0141odzi ma certyfikaty:<\/strong><\/p>\n<p style=\"font-weight: 400;\">IFS Food;<\/p>\n<p style=\"font-weight: 400;\">Jako\u015b\u0107 Tradycja dla twaro\u017cku wiejskiego luksusowego JOGO oraz lod\u00f3w \u015bmietankowych Bambino.<\/p>\n","protected":false},"excerpt":{"rendered":"<p>Oddzia\u0142 Zak\u0142ad Produkcji Mleczarskiej w \u0141odzi jest roku cz\u0119\u015bci\u0105 Sp\u00f3\u0142dzielni Mleczarskiej Mlekpol w Grajewie od czerwca 2023. Wcze\u015bniej funkcjonowa\u0142 jako \u201eJOGO\u201d\u2013 \u0141\u00f3dzka Sp\u00f3\u0142dzielnia Mleczarska.\u00a0 Zak\u0142ad przerabia rocznie ok. 21 mln litr\u00f3w mleka od ok. 120\u00a0dostawc\u00f3w. Wytwarzane s\u0105 tam wysokiej jako\u015bci wyroby mleczarskie, takie jak: twaro\u017cki wiejskie (luksusowy i ze szczypiorkiem), ma\u015blanka naturalna oraz kefiry. W [&hellip;]<\/p>\n","protected":false},"author":1,"featured_media":26839,"parent":1553,"menu_order":11,"comment_status":"closed","ping_status":"closed","template":"StronaZakladuOFirmie.php","meta":[],"_links":{"self":[{"href":"https:\/\/mlekpol.com.pl\/index.php\/wp-json\/wp\/v2\/pages\/26838"}],"collection":[{"href":"https:\/\/mlekpol.com.pl\/index.php\/wp-json\/wp\/v2\/pages"}],"about":[{"href":"https:\/\/mlekpol.com.pl\/index.php\/wp-json\/wp\/v2\/types\/page"}],"author":[{"embeddable":true,"href":"https:\/\/mlekpol.com.pl\/index.php\/wp-json\/wp\/v2\/users\/1"}],"replies":[{"embeddable":true,"href":"https:\/\/mlekpol.com.pl\/index.php\/wp-json\/wp\/v2\/comments?post=26838"}],"version-history":[{"count":1,"href":"https:\/\/mlekpol.com.pl\/index.php\/wp-json\/wp\/v2\/pages\/26838\/revisions"}],"predecessor-version":[{"id":26840,"href":"https:\/\/mlekpol.com.pl\/index.php\/wp-json\/wp\/v2\/pages\/26838\/revisions\/26840"}],"up":[{"embeddable":true,"href":"https:\/\/mlekpol.com.pl\/index.php\/wp-json\/wp\/v2\/pages\/1553"}],"wp:featuredmedia":[{"embeddable":true,"href":"https:\/\/mlekpol.com.pl\/index.php\/wp-json\/wp\/v2\/media\/26839"}],"wp:attachment":[{"href":"https:\/\/mlekpol.com.pl\/index.php\/wp-json\/wp\/v2\/media?parent=26838"}],"curies":[{"name":"wp","href":"https:\/\/api.w.org\/{rel}","templated":true}]}}