
{"id":250,"date":"2018-06-05T10:23:01","date_gmt":"2018-06-05T08:23:01","guid":{"rendered":"http:\/\/mlekpol.com.pl\/?page_id=250"},"modified":"2022-10-03T14:06:15","modified_gmt":"2022-10-03T12:06:15","slug":"lista-przepisow","status":"publish","type":"page","link":"https:\/\/mlekpol.com.pl\/index.php\/lista-przepisow\/","title":{"rendered":"Przepisy"},"content":{"rendered":"<p class=\"noMobile\">Stawiamy na najlepsz\u0105 jako\u015b\u0107 i \u015bwietny smak.<br \/>\nProponujemy sprawdzone przepisy na potrawy,<br \/>\nkt\u00f3re urozmaic\u0105 wszystkie posi\u0142ki, od \u015bniadania po kolacj\u0119.<br \/>\nU nas znajdziecie pomys\u0142 i inspiracj\u0119.<br \/>\nWe wszystkich recepturach wykorzystujemy w\u0142asne wyroby mleczarskie.<br \/>\nPrzekonajcie si\u0119, jak wszechstronne zastosowanie mog\u0105 mie\u0107 produkty z mleka.<br \/>\nZ naszych wyrob\u00f3w swoje popisowe dania przyrz\u0105dzaj\u0105 tak\u017ce mistrzowie kuchni:<br \/>\nMichel Moran, Andrzej Polan i Marcin Budynek.<\/p>\n<p style=\"text-align: right; padding-right: 25%; margin-top: 15px; line-height: normal;\"><span class=\"bjFont viniline in-text noMobile\">Smacznego!<\/span><\/p>\n","protected":false},"excerpt":{"rendered":"<p>Stawiamy na najlepsz\u0105 jako\u015b\u0107 i \u015bwietny smak. Proponujemy sprawdzone przepisy na potrawy, kt\u00f3re urozmaic\u0105 wszystkie posi\u0142ki, od \u015bniadania po kolacj\u0119. U nas znajdziecie pomys\u0142 i inspiracj\u0119. We wszystkich recepturach wykorzystujemy w\u0142asne wyroby mleczarskie. Przekonajcie si\u0119, jak wszechstronne zastosowanie mog\u0105 mie\u0107 produkty z mleka. Z naszych wyrob\u00f3w swoje popisowe dania przyrz\u0105dzaj\u0105 tak\u017ce mistrzowie kuchni: Michel Moran, [&hellip;]<\/p>\n","protected":false},"author":1,"featured_media":0,"parent":0,"menu_order":29,"comment_status":"closed","ping_status":"closed","template":"StronaPrzepisy.php","meta":[],"_links":{"self":[{"href":"https:\/\/mlekpol.com.pl\/index.php\/wp-json\/wp\/v2\/pages\/250"}],"collection":[{"href":"https:\/\/mlekpol.com.pl\/index.php\/wp-json\/wp\/v2\/pages"}],"about":[{"href":"https:\/\/mlekpol.com.pl\/index.php\/wp-json\/wp\/v2\/types\/page"}],"author":[{"embeddable":true,"href":"https:\/\/mlekpol.com.pl\/index.php\/wp-json\/wp\/v2\/users\/1"}],"replies":[{"embeddable":true,"href":"https:\/\/mlekpol.com.pl\/index.php\/wp-json\/wp\/v2\/comments?post=250"}],"version-history":[{"count":16,"href":"https:\/\/mlekpol.com.pl\/index.php\/wp-json\/wp\/v2\/pages\/250\/revisions"}],"predecessor-version":[{"id":3398,"href":"https:\/\/mlekpol.com.pl\/index.php\/wp-json\/wp\/v2\/pages\/250\/revisions\/3398"}],"wp:attachment":[{"href":"https:\/\/mlekpol.com.pl\/index.php\/wp-json\/wp\/v2\/media?parent=250"}],"curies":[{"name":"wp","href":"https:\/\/api.w.org\/{rel}","templated":true}]}}