
{"id":22712,"date":"2021-12-28T15:21:13","date_gmt":"2021-12-28T14:21:13","guid":{"rendered":"https:\/\/mlekpol.com.pl?page_id=22712"},"modified":"2024-12-30T11:08:42","modified_gmt":"2024-12-30T10:08:42","slug":"informacja-o-realizowanej-strategii-podatkowej","status":"publish","type":"page","link":"https:\/\/mlekpol.com.pl\/index.php\/o-firmie\/informacja-o-realizowanej-strategii-podatkowej\/","title":{"rendered":"Informacja o realizowanej strategii podatkowej"},"content":{"rendered":"<p><a href=\"https:\/\/mlekpol.com.pl\/wp-content\/uploads\/2024\/12\/Informacja-o-realizowanej-strategii-podatkowej-za-rok-2023.pdf\">Informacja o realizowanej strategii podatkowej za rok 2023<\/a><\/p>\n<p><a href=\"https:\/\/mlekpol.com.pl\/wp-content\/uploads\/2023\/12\/Informacja-o-realizowanej-strategii-podatkowej-za-2022-rok.pdf\">Informacja o realizowanej strategii podatkowej za 2022 rok<\/a><\/p>\n<p style=\"text-align: center;\">Sp\u00f3\u0142dzielni Mleczarskiej \u201eMLEKPOL\u201d w Grajewie<br \/>\nul. Elewatorska 13<br \/>\n19-203 Grajewo<br \/>\nNIP 7190000425<\/p>\n<p style=\"text-align: center;\">za rok podatkowy 01.01.2020 \u2013 31.12.2020<\/p>\n<p style=\"text-align: left;\"><strong>1. Informacje og\u00f3lne<\/strong><\/p>\n<p>Informacja o realizowanej strategii gospodarczej podmiotu Sp\u00f3\u0142dzielnia Mleczarska \u201eMLEKPOL\u201d w Grajewie, ul. Elewatorska 13, 19-203 Grajewo, wpisanej do Rejestru Przedsi\u0119biorc\u00f3w Krajowego Rejestru S\u0105dowego pod numerem KRS 0000045142, NIP 7190000425, REGON 000827780, dalej \u201eSp\u00f3\u0142dzielnia\u201d, zosta\u0142a sporz\u0105dzona na podstawie art. 27c ustawy z dnia 15 lutego 1992 r. o podatku dochodowym od os\u00f3b prawnych (Dz.U. z 2020 r. poz. 1406 z p\u00f3\u017an. zm.) za rok podatkowy rozpoczynaj\u0105cy si\u0119 1 stycznia 2020 roku i zako\u0144czony 31 grudnia 2020 roku.<\/p>\n<p>Sp\u00f3\u0142dzielnia Mleczarska \u201eMLEKPOL\u201d w Grajewie jako jedno z najwi\u0119kszych i najnowocze\u015bniej zarz\u0105dzanych przedsi\u0119biorstw mleczarskich w Polsce w ramach prowadzonej dzia\u0142alno\u015bci gospodarczej uwzgl\u0119dnia strategi\u0119 podatkow\u0105, czyli zgodnie z wytycznymi Ram Wewn\u0119trznego Nadzoru Podatkowego katalog formu\u0142 decyzyjnych obejmuj\u0105cych cele oraz \u015brodki umo\u017cliwiaj\u0105ce prawid\u0142ow\u0105 i terminow\u0105 realizacj\u0119 obowi\u0105zk\u00f3w podatkowych. Strategia podatkowa wspiera proces zarz\u0105dzania ryzykiem podatkowym i jest sp\u00f3jna z zasadami oraz warto\u015bciami etycznymi stosowanymi przez Sp\u00f3\u0142dzielni\u0119 takimi jak: odpowiedzialno\u015b\u0107, racjonalne gospodarowanie maj\u0105tkiem, uczciwa konkurencja, przejrzysto\u015b\u0107 dzia\u0142a\u0144, prawid\u0142owe i terminowe wype\u0142nianie obowi\u0105zk\u00f3w podatkowych. Warto\u015bci te cenione s\u0105 w Sp\u00f3\u0142dzielni oraz ich respektowania oczekuje si\u0119 od pracownik\u00f3w oraz partner\u00f3w biznesowych.<\/p>\n<p>SM MLEKPOL prowadzi odpowiedzialn\u0105 polityk\u0119 finansow\u0105, dzieli si\u0119 wypracowanym dochodem oraz wspiera wa\u017cne inicjatywy spo\u0142eczne i lokalne, postrzegaj\u0105c p\u0142acenie podatk\u00f3w nie tylko jako obowi\u0105zek prawny, ale r\u00f3wnie\u017c jako podstawowy obowi\u0105zek moralny i spo\u0142eczny. Sp\u00f3\u0142dzielnia unika i nie stosuje agresywnej strategii podatkowej i jej sztucznego kreowania, wszelkie plany podatkowe s\u0105 podejmowane w kontek\u015bcie szerszej dzia\u0142alno\u015bci gospodarczej, tam gdzie istniej\u0105 podstawy handlowe i ekonomiczne transakcji, kt\u00f3re nie prowadz\u0105 do nadu\u017cycia prawa podatkowego. Ponadto dok\u0142adane s\u0105 wszelkie starania, aby rozliczenia podatkowe odbywa\u0142y si\u0119 w spos\u00f3b transparentny, zgodny z obowi\u0105zuj\u0105cymi regulacjami prawnymi, a kontakty z organami w\u0142adzy pa\u0144stwowej i samorz\u0105dowej przebiega\u0142y w spos\u00f3b przejrzysty, oparty o wzajemny szacunek i zaufanie.<\/p>\n<p><strong>2. Informacje o stosowanych przez podatnika procesach oraz procedurach dotycz\u0105cych zarz\u0105dzania wykonywaniem obowi\u0105zk\u00f3w wynikaj\u0105cych z przepis\u00f3w prawa podatkowego i zapewniaj\u0105cych ich prawid\u0142owe wykonanie<\/strong><\/p>\n<p>Sp\u00f3\u0142dzielnia Mleczarska \u201eMLEKPOL\u201d w Grajewie przestrzega przepis\u00f3w powszechnie obowi\u0105zuj\u0105cego prawa, analizuj\u0105c przy tym ryzyko podatkowe zwi\u0105zane z prowadzon\u0105 dzia\u0142alno\u015bci\u0105 i poszczeg\u00f3lnymi transakcjami gospodarczymi oraz kompleksowo zarz\u0105dza zobowi\u0105zaniami podatkowymi.<\/p>\n<p>Deklaracje podatkowe, informacje podatkowe oraz rozliczenia podatkowe s\u0105 dokonywane zgodnie z obowi\u0105zuj\u0105cymi przepisami prawa podatkowego oraz bilansowego i stanowi\u0105 pe\u0142ne odzwierciedlenie dzia\u0142alno\u015bci gospodarczej Sp\u00f3\u0142dzielni na terytorium Polski. Kwoty zobowi\u0105za\u0144 podatkowych s\u0105 kalkulowane w oparciu o w\u0142a\u015bciwe przepisy, zgodnie z rzeczywistym przebiegiem zdarze\u0144 gospodarczych oraz uiszczane w terminach wynikaj\u0105cych z przepis\u00f3w prawa podatkowego.<\/p>\n<p>Obowi\u0105zki podatkowe s\u0105 okre\u015blane i wype\u0142niane przez wyznaczonych pracownik\u00f3w Wydzia\u0142u Finansowo-Ksi\u0119gowego na bazie posiadanych danych i udzielonych przez pozosta\u0142ych pracownik\u00f3w Sp\u00f3\u0142dzielni informacji. Zapewniaj\u0105 oni zar\u00f3wno prawid\u0142owe wype\u0142nianie tych obowi\u0105zk\u00f3w, jak i przekazywanie wiedzy pozosta\u0142ym Wydzia\u0142om (na przyk\u0142ad poprzez nadz\u00f3r i sprawowanie kontroli, wytyczne lub szkolenia z zakresu kwestii podatkowych). Sp\u00f3\u0142dzielnia Mleczarska \u201eMLEKPOL\u201d w Grajewie zarz\u0105dza wykonywaniem obowi\u0105zk\u00f3w wynikaj\u0105cych z przepis\u00f3w prawa podatkowego i ich prawid\u0142owym wykonaniem poprzez stosowanie wewn\u0119trznych procedur i proces\u00f3w oraz instrukcji systemowych, a w obszarach, kt\u00f3re nie zosta\u0142y zagospodarowane dokumentami pisemnymi Sp\u00f3\u0142dzielnia stosuje najlepsze praktyki dbaj\u0105c o zapewnienie odpowiednich zasob\u00f3w, aby mo\u017cliwe by\u0142o jak najlepsze przestrzeganie obowi\u0105zuj\u0105cych przepis\u00f3w. Przede wszystkim, przed nawi\u0105zaniem stosunk\u00f3w handlowych sprawdzane s\u0105 podstawowe struktury formalne kontrahenta pod k\u0105tem zgodno\u015bci z obowi\u0105zuj\u0105cymi wymogami prawnymi i podatkowymi, w szczeg\u00f3lno\u015bci pod wzgl\u0119dem miejsca siedziby i prowadzenia dzia\u0142alno\u015bci gospodarczej. Dzia\u0142ania te pozwalaj\u0105 na weryfikacj\u0119 wiarygodno\u015bci oraz rzetelno\u015bci kontrahenta, zarejestrowania kontrahenta jako podatnika VAT czynnego, wyst\u0119powania numeru rachunku bankowego na bia\u0142ej li\u015bcie. W trakcie obowi\u0105zywania um\u00f3w badane s\u0105 r\u00f3wnie\u017c okoliczno\u015bci zawierania transakcji z kontrahentami. W przypadku wyst\u0105pienia podatku u \u017ar\u00f3d\u0142a, wewn\u0105trzwsp\u00f3lnotowej dostawy towar\u00f3w lub exportu gromadzona jest niezb\u0119dna dokumentacja przewidziana przepisami podatkowymi oraz regulacjami wewn\u0119trznymi. W ramach kontroli wewn\u0119trznej dokonywana jest weryfikacja merytoryczna oraz formalna i rachunkowa dokument\u00f3w, a zatwierdzanie wydatk\u00f3w odbywa si\u0119 wed\u0142ug wynikaj\u0105cego ze struktury organizacyjnej schematu odpowiedzialno\u015bci. W przypadku stwierdzenia nieprawid\u0142owo\u015bci w jakimkolwiek obszarze funkcjonowaniu Sp\u00f3\u0142dzielni pracownicy maj\u0105 obowi\u0105zek ich zg\u0142aszania prze\u0142o\u017conym.<\/p>\n<p>Sp\u00f3\u0142dzielnia Mleczarska \u201eMLEKPOL\u201d w Grajewie wykazuje nisk\u0105 sk\u0142onno\u015b\u0107 do podejmowania ryzyka w zakresie podatk\u00f3w. Systemy, procedury i kontrole, a tak\u017ce zadania i zasoby zarz\u0105dzania podatkami zosta\u0142y skonstruowane w taki spos\u00f3b, aby umo\u017cliwia\u0142y przestrzeganie przepis\u00f3w i regulacji podatkowych oraz zapewnia\u0142y szybkie dzia\u0142ania zwi\u0105zane ze zmieniaj\u0105cym si\u0119 otoczeniem prawnym. Ryzyko podatkowe podlega regularnej analizie i jest ograniczane poprzez wykonywanie w\/w dzia\u0142a\u0144. W tym celu Wydzia\u0142 Finansowo-Ksi\u0119gowy odpowiedzialny w g\u0142\u00f3wnej mierze za kwestie podatkowe pozostaje w sta\u0142ym kontakcie ze wszystkimi jednostkami biznesowymi, tak aby zapewni\u0107 wsparcie we wszystkich obszarach dzia\u0142alno\u015bci, aby cele handlowe zmaksymalizowa\u0107, zminimalizowa\u0107 ryzyko podatkowe i uzyska\u0107 odpowiednie zach\u0119ty podatkowe. Cele handlowe nie s\u0105 jednak w \u017cadnym wypadku nadrz\u0119dne wobec zgodno\u015bci z obowi\u0105zuj\u0105cymi przepisami podatkowymi. Ponadto monitorowane s\u0105 zmiany w przepisach prawa oraz orzecznictwie organ\u00f3w podatkowych i s\u0105d\u00f3w. Sp\u00f3\u0142dzielnia zapewnia pracownikom mo\u017cliwo\u015b\u0107 podniesienia posiadanej przez nich wiedzy podatkowej poprzez szkolenia oraz prenumerat\u0119 publikacji z obszaru prawa podatkowego.<\/p>\n<p><strong>3. Informacje o stosowanych przez podatnika dobrowolnych formach wsp\u00f3\u0142pracy z organami Krajowej Administracji Skarbowej<\/strong><\/p>\n<p>Sp\u00f3\u0142dzielnia Mleczarska \u201eMLEKPOL\u201d w Grajewie dba o dobr\u0105 wsp\u00f3\u0142prac\u0119 z organami Krajowej Administracji Skarbowej oraz instytucjami publicznymi. W oparciu o wzajemny szacunek budowane s\u0105 pozytywne relacje i prowadzony jest dialog zorientowany na uczciwo\u015b\u0107 oraz konstruktywne i przejrzyste dzia\u0142ania wobec organ\u00f3w podatkowych. Sp\u00f3\u0142dzielnia odpowiada niezw\u0142ocznie na zapytania organ\u00f3w podatkowych, terminowo udziela informacji i wyja\u015bnie\u0144 w spos\u00f3b merytoryczny, kompleksowy oraz zgodnie z posiadan\u0105 wiedz\u0105.<\/p>\n<p>Sp\u00f3\u0142dzielnia Mleczarska \u201eMLEKPOL\u201d w Grajewie w roku podatkowym 2020 nie podejmowa\u0142a formalnych dobrowolnych form wsp\u00f3\u0142pracy z organami Krajowej Administracji Skarbowej (tj. nie uczestniczy\u0142a w Programie Wsp\u00f3\u0142dzia\u0142ania).<\/p>\n<p><strong>4. Informacje odno\u015bnie do realizacji przez podatnika obowi\u0105zk\u00f3w podatkowych na terytorium Rzeczypospolitej Polskiej, wraz z informacj\u0105 o liczbie przekazanych Szefowi Krajowej Administracji Skarbowej informacji o schematach podatkowych, o kt\u00f3rych mowa w art. 86a \u00a7 1 pkt 10 Ordynacji podatkowej, z podzia\u0142em na podatki, kt\u00f3rych dotycz\u0105<\/strong><\/p>\n<p>W roku podatkowym 2020 Sp\u00f3\u0142dzielnia Mleczarska \u201eMLEKPOL\u201d w Grajewie realizowa\u0142a obowi\u0105zki podatkowe na terytorium Rzeczpospolitej Polskiej m.in. w odniesieniu do nast\u0119puj\u0105cych podatk\u00f3w:<\/p>\n<ul>\n<li>podatek dochodowy od os\u00f3b prawnych,<\/li>\n<li>podatek dochodowy od os\u00f3b fizycznych,<\/li>\n<li>podatek od towar\u00f3w i us\u0142ug,<\/li>\n<li>podatek od nieruchomo\u015bci,<\/li>\n<li>podatek rolny,<\/li>\n<li>podatek le\u015bny,<\/li>\n<li>podatek od \u015brodk\u00f3w transportu.<\/li>\n<\/ul>\n<p>Sp\u00f3\u0142dzielnia reguluje zobowi\u0105zania podatkowe oraz sk\u0142ada niezb\u0119dne deklaracje podatkowe w terminach ustawowych.<\/p>\n<p>Sp\u00f3\u0142dzielnia Mleczarska \u201eMLEKPOL\u201d w Grajewie w roku podatkowym 2020 nie zidentyfikowa\u0142a \u017cadnego schematu podatkowego, a tym samym nie wyst\u0105pi\u0142 obowi\u0105zek przekazania informacji w tym zakresie Szefowi Krajowej Administracji Skarbowej.<\/p>\n<p><strong>5. Informacje o transakcjach z podmiotami powi\u0105zanymi w rozumieniu art. 11a ust. 1 pkt 4, kt\u00f3rych warto\u015b\u0107 przekracza 5% sumy bilansowej aktyw\u00f3w w rozumieniu przepis\u00f3w o rachunkowo\u015bci, ustalonych na podstawie ostatniego zatwierdzonego sprawozdania finansowego sp\u00f3\u0142ki, w tym podmiotami nieb\u0119d\u0105cymi rezydentami podatkowymi Rzeczypospolitej Polskiej<\/strong><\/p>\n<p>W roku podatkowym 2020 Sp\u00f3\u0142dzielnia Mleczarska \u201eMLEKPOL\u201d w Grajewie zawiera\u0142a z podmiotami powi\u0105zanymi transakcje kontrolowane o charakterze jednorodnym w rozumieniu przepis\u00f3w o cenach transferowych, kt\u00f3rych warto\u015b\u0107 liczona odr\u0119bnie dla ka\u017cdej z transakcji przekroczy\u0142a 5% sumy bilansowej aktyw\u00f3w w rozumieniu przepis\u00f3w o rachunkowo\u015bci. Transakcje te dotyczy\u0142y sprzeda\u017cy wyrob\u00f3w gotowych.<\/p>\n<p><strong>6. Informacje o planowanych lub podejmowanych przez podatnika dzia\u0142aniach restrukturyzacyjnych mog\u0105cych mie\u0107 wp\u0142yw na wysoko\u015b\u0107 zobowi\u0105za\u0144 podatkowych podatnika lub podmiot\u00f3w powi\u0105zanych w rozumieniu art. 11a ust. 1 pkt 4<\/strong><\/p>\n<p>W roku podatkowym 2020 Sp\u00f3\u0142dzielnia Mleczarska \u201eMLEKPOL\u201d w Grajewie nie podejmowa\u0142a dzia\u0142a\u0144 restrukturyzacyjnych. Dzia\u0142ania takie nie s\u0105 r\u00f3wnie\u017c planowane w kolejnych latach.<\/p>\n<p><strong>7. Informacje o z\u0142o\u017conych przez podatnika wnioskach o wydanie:<\/strong><\/p>\n<ol>\n<li><strong>a) og\u00f3lnej interpretacji podatkowej, o kt\u00f3rej mowa w art. 14a \u00a7 1 Ordynacji podatkowej,<\/strong><\/li>\n<li><strong>b) interpretacji przepis\u00f3w prawa podatkowego, o kt\u00f3rej mowa w art. 14b Ordynacji podatkowej,<\/strong><\/li>\n<li><strong>c) wi\u0105\u017c\u0105cej informacji stawkowej, o kt\u00f3rej mowa w art. 42a ustawy o podatku od towar\u00f3w i us\u0142ug,<\/strong><\/li>\n<li><strong>d) wi\u0105\u017c\u0105cej informacji akcyzowej, o kt\u00f3rej mowa w art. 7d ust. 1 ustawy z dnia 6 grudnia 2008 r. o podatku akcyzowym (Dz. U. z 2020 r. poz. 722 i 1747)<\/strong><\/li>\n<\/ol>\n<p>W roku podatkowym 2020 Sp\u00f3\u0142dzielnia Mleczarska \u201eMLEKPOL\u201d w Grajewie nie sk\u0142ada\u0142a wniosk\u00f3w o wydanie og\u00f3lnej interpretacji podatkowej, interpretacji przepis\u00f3w prawa podatkowego, wi\u0105\u017c\u0105cej informacji stawkowej oraz wi\u0105\u017c\u0105cej informacji akcyzowej.<\/p>\n<p><strong>8. Informacje dotycz\u0105ce dokonywania rozlicze\u0144 podatkowych podatnika na terytoriach lub w krajach stosuj\u0105cych szkodliw\u0105 konkurencj\u0119 podatkow\u0105 wskazanych w aktach wykonawczych wydanych na podstawie art. 11j ust. 2 i na podstawie art. 23v ust. 2 ustawy z dnia 26 lipca 1991 r. o podatku dochodowym od os\u00f3b fizycznych oraz w obwieszczeniu ministra w\u0142a\u015bciwego do spraw finans\u00f3w publicznych wydanym na podstawie art. 86a \u00a7 10 Ordynacji podatkowej<\/strong><\/p>\n<p>W trakcie roku podatkowego 2020, za kt\u00f3ry sporz\u0105dzana jest informacja o realizowanej strategii podatkowej Sp\u00f3\u0142dzielnia Mleczarska \u201eMLEKPOL\u201d w Grajewie nie dokonywa\u0142a rozlicze\u0144 podatkowych na terytoriach lub w krajach stosuj\u0105cych szkodliw\u0105 konkurencj\u0119 podatkow\u0105 oraz nie by\u0142a zarejestrowanym podatnikiem w \u017cadnym z tych terytori\u00f3w lub kraj\u00f3w.<\/p>\n","protected":false},"excerpt":{"rendered":"<p>Informacja o realizowanej strategii podatkowej za rok 2023 Informacja o realizowanej strategii podatkowej za 2022 rok Sp\u00f3\u0142dzielni Mleczarskiej \u201eMLEKPOL\u201d w Grajewie ul. Elewatorska 13 19-203 Grajewo NIP 7190000425 za rok podatkowy 01.01.2020 \u2013 31.12.2020 1. Informacje og\u00f3lne Informacja o realizowanej strategii gospodarczej podmiotu Sp\u00f3\u0142dzielnia Mleczarska \u201eMLEKPOL\u201d w Grajewie, ul. Elewatorska 13, 19-203 Grajewo, wpisanej do [&hellip;]<\/p>\n","protected":false},"author":1,"featured_media":0,"parent":246,"menu_order":0,"comment_status":"closed","ping_status":"closed","template":"StronaOFirmie.php","meta":[],"_links":{"self":[{"href":"https:\/\/mlekpol.com.pl\/index.php\/wp-json\/wp\/v2\/pages\/22712"}],"collection":[{"href":"https:\/\/mlekpol.com.pl\/index.php\/wp-json\/wp\/v2\/pages"}],"about":[{"href":"https:\/\/mlekpol.com.pl\/index.php\/wp-json\/wp\/v2\/types\/page"}],"author":[{"embeddable":true,"href":"https:\/\/mlekpol.com.pl\/index.php\/wp-json\/wp\/v2\/users\/1"}],"replies":[{"embeddable":true,"href":"https:\/\/mlekpol.com.pl\/index.php\/wp-json\/wp\/v2\/comments?post=22712"}],"version-history":[{"count":4,"href":"https:\/\/mlekpol.com.pl\/index.php\/wp-json\/wp\/v2\/pages\/22712\/revisions"}],"predecessor-version":[{"id":29294,"href":"https:\/\/mlekpol.com.pl\/index.php\/wp-json\/wp\/v2\/pages\/22712\/revisions\/29294"}],"up":[{"embeddable":true,"href":"https:\/\/mlekpol.com.pl\/index.php\/wp-json\/wp\/v2\/pages\/246"}],"wp:attachment":[{"href":"https:\/\/mlekpol.com.pl\/index.php\/wp-json\/wp\/v2\/media?parent=22712"}],"curies":[{"name":"wp","href":"https:\/\/api.w.org\/{rel}","templated":true}]}}