
{"id":21148,"date":"2020-11-26T11:21:35","date_gmt":"2020-11-26T10:21:35","guid":{"rendered":"https:\/\/mlekpol.com.pl?page_id=21148"},"modified":"2022-10-03T14:06:15","modified_gmt":"2022-10-03T12:06:15","slug":"regulamin-konkursu-listopad-2020","status":"publish","type":"page","link":"https:\/\/mlekpol.com.pl\/index.php\/regulamin-konkursu-listopad-2020\/","title":{"rendered":"Regulamin konkursu &#8211; listopad 2020"},"content":{"rendered":"<p><strong>REGULAMIN KONKURSU<\/strong><\/p>\n<p>&nbsp;<\/p>\n<p>&nbsp;<\/p>\n<p><strong>1 Postanowienia og\u00f3lne<\/strong><\/p>\n<p>&nbsp;<\/p>\n<p>&nbsp;<\/p>\n<ol>\n<li>Niniejszy Regulamin okre\u015bla zasady, zakres i warunki uczestnictwa w Konkursie na Dzie\u0144 Ciasta.<\/li>\n<\/ol>\n<p>&nbsp;<\/p>\n<ol start=\"2\">\n<li>Organizatorem Konkursu jest Sp\u00f3\u0142dzielnia Mleczarska MLEKPOL, ul. Elewatorska 13, 19-203 Grajewo (\u201eOrganizator\u201d).<\/li>\n<\/ol>\n<p>&nbsp;<\/p>\n<ol start=\"3\">\n<li>Konkurs b\u0119dzie trwa\u0142 w dniach od 26 listopada 2020 roku od momentu opublikowania postu konkursowego do 30 listopada 2020 roku do godziny 23:59.<\/li>\n<\/ol>\n<p>&nbsp;<\/p>\n<ol start=\"4\">\n<li>Konkurs organizowany jest na terytorium Polski w ramach profilu Mlekpol na stronie internetowej <a href=\"http:\/\/www.facebook.com\/Mlekpol\">www.facebook.com\/Mlekpol<\/a> (\u201eStrona Konkursowa\u201d).<\/li>\n<\/ol>\n<p>&nbsp;<\/p>\n<ol start=\"5\">\n<li>Uczestnikiem Konkursu (&#8222;Uczestnik&#8221;) mo\u017ce by\u0107 wy\u0142\u0105cznie pe\u0142noletnia osoba fizyczna posiadaj\u0105ca pe\u0142n\u0105 zdolno\u015b\u0107 do czynno\u015bci prawnych lub kt\u00f3ra uzyska\u0142a zgod\u0119 na udzia\u0142 w Konkursie swojego opiekuna prawnego, posiadaj\u0105ca obywatelstwo polskie, maj\u0105ca miejsce zamieszkania w Polsce, zarejestrowana na portalu Facebook.<\/li>\n<\/ol>\n<p>&nbsp;<\/p>\n<ol start=\"6\">\n<li>W Konkursie nie mog\u0105 bra\u0107 udzia\u0142u pracownicy Organizatora lub podmiot\u00f3w z nimi powi\u0105zanych, ani cz\u0142onkowie ich rodzin. Przez cz\u0142onk\u00f3w rodzin, o kt\u00f3rych mowa powy\u017cej, rozumie si\u0119 cz\u0142onk\u00f3w wst\u0119pnych, zst\u0119pnych, rodze\u0144stwo, ma\u0142\u017conk\u00f3w i osoby pozostaj\u0105ce w stosunku przysposobienia.<\/li>\n<\/ol>\n<p>&nbsp;<\/p>\n<ol start=\"7\">\n<li>Poprzez przyst\u0105pienie do Konkursu Uczestnik potwierdza, \u017ce wyra\u017ca zgod\u0119 na zasady Konkursu okre\u015blone w Regulaminie.<\/li>\n<\/ol>\n<p>&nbsp;<\/p>\n<p><strong>2 Zasady Konkursu<\/strong><\/p>\n<p>&nbsp;<\/p>\n<ol>\n<li>Zadaniem Uczestnika Konkursu jest wstawienie w komentarzu pod postem konkursowym przepisu oraz zdj\u0119cia pokazuj\u0105cego swoje ulubione ciasto.<\/li>\n<\/ol>\n<p>&nbsp;<\/p>\n<ol start=\"2\">\n<li>Jeden Uczestnik mo\u017ce zamie\u015bci\u0107 wi\u0119cej ni\u017c jedno zg\u0142oszenie.<\/li>\n<\/ol>\n<p>&nbsp;<\/p>\n<ol start=\"3\">\n<li>Jeden Uczestnik mo\u017ce wygra\u0107 tylko 1 nagrod\u0119.<\/li>\n<\/ol>\n<p>&nbsp;<\/p>\n<ol start=\"4\">\n<li>Zwyci\u0119zc\u00f3w wy\u0142ania Komisja powo\u0142ana przez Organizatora. Komisja b\u0119dzie ocenia\u0142a zg\u0142oszenia konkursowe pod wzgl\u0119dem kreatywno\u015bci i oryginalno\u015bci odpowiedzi i uzasadnie\u0144. Komisja zastrzega sobie prawo do zaakceptowania nieznacznych odst\u0119pstw od regulaminu w przypadku prac, kt\u00f3re pod wzgl\u0119dem powy\u017cszych kryteri\u00f3w oceny uzna za wyj\u0105tkowe.<\/li>\n<\/ol>\n<p>&nbsp;<\/p>\n<ol start=\"5\">\n<li>Organizator zastrzega sobie prawo do usuwania z Konkursu Uczestnik\u00f3w, w szczeg\u00f3lno\u015bci w przypadku:<\/li>\n<\/ol>\n<ul>\n<li style=\"list-style-type: none;\">\n<ul>\n<li>Powzi\u0119cia w\u0105tpliwo\u015bci, co do prawdziwo\u015bci jego profilu lub<\/li>\n<li>Stwierdzenia innych nieprawid\u0142owo\u015bci, w tym naruszenia niniejszego Regulaminu lub<\/li>\n<li>Stwierdzenia, \u017ce przes\u0142ane przez Uczestnika zg\u0142oszenie narusza prawa os\u00f3b trzecich, w tym w szczeg\u00f3lno\u015bci prawa autorskie os\u00f3b trzecich lub<\/li>\n<li>Podejrzenia Organizatora o wykorzystaniu do cel\u00f3w konkursowych fikcyjnych profili w serwisie Facebook<\/li>\n<li>Naruszenia standard\u00f3w spo\u0142eczno\u015bci serwisu Facebook<\/li>\n<\/ul>\n<\/li>\n<\/ul>\n<p>Organizator jest uprawniony do usuni\u0119cia Uczestnika z Konkursu bez mo\u017cliwo\u015bci odwo\u0142ania si\u0119 od tej decyzji.<\/p>\n<p>&nbsp;<\/p>\n<p><strong>3 Nagrody<\/strong><\/p>\n<p>&nbsp;<\/p>\n<ol>\n<li>Wszystkie Nagrody ufundowa\u0142 Organizator.<\/li>\n<\/ol>\n<p>&nbsp;<\/p>\n<ol start=\"2\">\n<li>W Konkursie zostan\u0105 przyznane 3 nagrody, kt\u00f3rymi b\u0119d\u0105 zestawy gad\u017cet\u00f3w od Mlekpolu. 3. Nagrody rzeczowe przyznane w Konkursie nie podlegaj\u0105 wymianie na ich r\u00f3wnowarto\u015b\u0107 w got\u00f3wce, ani na nagrody innego rodzaju.<\/li>\n<\/ol>\n<p>&nbsp;<\/p>\n<ol start=\"4\">\n<li>Zwyci\u0119zcy zostan\u0105 wy\u0142onieni przez Komisj\u0119 do dnia 14 grudnia 2020 roku. Organizator ma prawo do podania danych Zwyci\u0119zc\u00f3w na stornie Stronie Konkursowej.<\/li>\n<\/ol>\n<p>&nbsp;<\/p>\n<ol start=\"5\">\n<li>Przekazanie nagr\u00f3d nast\u0105pi w formie wysy\u0142ki poczt\u0105 na terytorium Rzeczypospolitej Polski w ci\u0105gu 31 dni roboczych od og\u0142oszenia wynik\u00f3w konkursu. Ze wzgl\u0119du na pandemi\u0119 koronawirusa okres ten mo\u017ce ulec zmianie, o czym zwyci\u0119zcy zostan\u0105 powiadomienia. Uczestnik musi przes\u0142a\u0107 swoje dane teleadresowe oraz kontaktowy numer telefonu na adres email <a href=\"mailto:marketing@mlekpol.com.pl\">marketing@mlekpol.com.pl<\/a> lub w wiadomo\u015bci prywatnej na fanpage w ci\u0105gu 5 dni od og\u0142oszenia wynik\u00f3w konkursu.<\/li>\n<\/ol>\n<p>&nbsp;<\/p>\n<ol start=\"6\">\n<li>W przypadku braku przedstawienia przez Uczestnika danych w terminie, o kt\u00f3rym mowa w ust. 5 lub je\u017celi podane dane przy rejestracji s\u0105 nieprawid\u0142owe, b\u0105d\u017a w przypadku zmiany danych osobowych, kt\u00f3re uniemo\u017cliwiaj\u0105 jego identyfikacj\u0119, Uczestnik mo\u017ce zosta\u0107 pozbawiony prawa do Nagrody, a Organizator jest uprawniony do przyznania Nagrody kolejnemu Uczestnikowi, kt\u00f3ry uzyska\u0142 w kolejno\u015bci najwy\u017csz\u0105 ilo\u015b\u0107 g\u0142os\u00f3w.<\/li>\n<\/ol>\n<p>&nbsp;<\/p>\n<ol start=\"7\">\n<li>W przypadku, gdy oka\u017ce si\u0119, \u017ce zwyci\u0119zc\u0105 jest osoba, kt\u00f3ra nie spe\u0142nia warunk\u00f3w wskazanych w \u00a7 1 niniejszego Regulaminu, Uczestnik zostaje pozbawiony prawa do Nagrody, a w wypadku ujawnienia tego faktu po jej wydaniu osoba ta b\u0119dzie zobowi\u0105zana do jej zwrotu.<\/li>\n<\/ol>\n<p>&nbsp;<\/p>\n<p><strong>4 Reklamacje<\/strong><\/p>\n<p>&nbsp;<\/p>\n<ol>\n<li>Uczestnik uprawniony jest do z\u0142o\u017cenia reklamacji, co do niezgodno\u015bci Konkursu z niniejszym Regulaminem, w terminie 14 dni od dnia og\u0142oszenia ostatecznych wynik\u00f3w Konkursu. Pisemna reklamacja powinna zawiera\u0107 imi\u0119 i nazwisko, dok\u0142adny adres oraz podpis Uczestnika, jak r\u00f3wnie\u017c dok\u0142adny opis i pow\u00f3d reklamacji. Reklamacja powinna by\u0107 z\u0142o\u017cona w formie pisemnej na adres: <a href=\"mailto:marketing@mlekpol.com.pl\">marketing@mlekpol.com.pl<\/a><\/li>\n<\/ol>\n<p>&nbsp;<\/p>\n<ol start=\"2\">\n<li>Organizator rozpatrzy reklamacj\u0119 w ci\u0105gu 30 dni roboczych od jej otrzymania oraz powiadomi o jej rozstrzygni\u0119ciu.<\/li>\n<\/ol>\n<p>&nbsp;<\/p>\n<ol start=\"3\">\n<li>Reklamacje zg\u0142oszone po up\u0142ywie wy\u017cej wymienionego terminu nie b\u0119d\u0105 rozpatrywane.<\/li>\n<\/ol>\n<p>&nbsp;<\/p>\n<ol start=\"4\">\n<li>O wyniku reklamacji uczestnik zostanie poinformowany poczt\u0105 elektroniczn\u0105 b\u0105d\u017a telefonicznie.<\/li>\n<\/ol>\n<p>&nbsp;<\/p>\n<p><strong>5 Dane osobowe \/ Klauzula informacyjna<\/strong><\/p>\n<p>&nbsp;<\/p>\n<p>Organizator Informuj\u0119, \u017ce:<\/p>\n<ol>\n<li>Administratorem danych osobowych uczestnik\u00f3w jest Sp\u00f3\u0142dzielnia Mleczarska MLEKPOL, ul. Elewatorska 13, 19-203 Grajewo, zwany dalej Administratorem; Administrator prowadzi operacje przetwarzania Pani\/Pana danych osobowych,<\/li>\n<li>Dane osobowe uczestnik\u00f3w przetwarzane b\u0119d\u0105 w celu powiadomienia o wynikach konkursu oraz &#8211; w odniesieniu do wy\u0142onionego laureata &#8211; w celu przekazania nagrody<\/li>\n<li>Administrator gromadzi\u0107 b\u0119dzie adresy mailowe uczestnik\u00f3w, a w odniesieniu do zwyci\u0119zcy &#8211; jego dane adresowe oraz numer telefonu kontaktowego,<\/li>\n<li>Dane osobowe uczestnik\u00f3w nie b\u0119d\u0105 udost\u0119pniane innym odbiorcom chyba, \u017ce oka\u017ce si\u0119 to konieczne dla realizacji praw i obowi\u0105zk\u00f3w uczestnik\u00f3w Konkursu, wynikaj\u0105cych z niniejszego Regulaminu,<\/li>\n<li>Dane osobowe przetwarzane b\u0119d\u0105 przez okres niezb\u0119dny do realizacji wszelkich obowi\u0105zk\u00f3w i uprawnie\u0144 wynikaj\u0105cych z Regulaminu, po czym zostan\u0105 usuni\u0119te,<\/li>\n<li>Podstaw\u0105 przetwarzania danych osobowych uczestnik\u00f3w jest zgoda uczestnika na ich przetwarzanie (art.6 ust.1a RODO), udzielona przyst\u0105pienie do udzia\u0142u w konkursie i dobrowolne udost\u0119pnienie swojego adresu e-mail, a w odniesieniu do zwyci\u0119zcy &#8211; dobrowalne udost\u0119pnienie danych adresowych i numeru telefonu kontaktowego, 7. Uczestnik posiada prawo do: a. \u017c\u0105dania od Administratora dost\u0119pu do swoich danych osobowych, ich sprostowania, usuni\u0119cia lub ograniczenia przetwarzania danych osobowych, b. wniesienia sprzeciwu wobec takiego przetwarzania, c. przenoszenia danych, d. wniesienia skargi do organu nadzorczego, e. cofni\u0119cia zgody na przetwarzanie danych osobowych. 8. Dane osobowe uczestnik\u00f3w nie podlegaj\u0105 zautomatyzowanemu podejmowaniu decyzji, w tym profilowaniu, 9. Dane osobowe uczestnik\u00f3w b\u0119d\u0105 przechowywane przez Administratora Sp\u00f3\u0142dzielnie Mleczarsk\u0105 MLEKPOL sp\u00f3\u0142ka z ograniczon\u0105 odpowiedzialno\u015bci sp\u00f3\u0142ka komandytowa z siedzib\u0105 w Grajewie.<\/li>\n<\/ol>\n<p>&nbsp;<\/p>\n<p><strong>6 Prawa autorskie<\/strong><\/p>\n<p>&nbsp;<\/p>\n<p>&nbsp;<\/p>\n<ol>\n<li>Uczestnicy poprzez przyst\u0105pienie do konkursu i zamieszczenie tekst\u00f3w na Stronie Konkursowej <a href=\"http:\/\/www.facebook.com\/Mlekpol\">www.facebook.com\/Mlekpol<\/a> wyra\u017caj\u0105 zgod\u0119 na nieodp\u0142atne wykorzystanie przez Organizatora zdj\u0119\u0107 i tekst\u00f3w zg\u0142oszonych w ten spos\u00f3b do konkursu we wszelkich dzia\u0142aniach marketingowych i reklamowych Organizatora, bez ogranicze\u0144 czasowych i terytorialnych, w szczeg\u00f3lno\u015bci Uczestnicy wyra\u017caj\u0105 zgod\u0119 na nieodp\u0142atne wykorzystanie i rozpowszechnianie przez Organizatora utwor\u00f3w zale\u017cnych, powsta\u0142ych w wyniku aran\u017cacji lub przer\u00f3bek tych zdj\u0119\u0107 i tekst\u00f3w.<\/li>\n<\/ol>\n<p>&nbsp;<\/p>\n<ol start=\"2\">\n<li>Uczestnicy wyra\u017caj\u0105 zgod\u0119 na publikacj\u0119 utwor\u00f3w anonimowo, tj. bez podania nazwiska ich autora.<\/li>\n<\/ol>\n<p>&nbsp;<\/p>\n<ol start=\"3\">\n<li>Uczestnik o\u015bwiadcza, \u017ce przys\u0142uguj\u0105 mu wszelkie prawa maj\u0105tkowe do zdj\u0119cia lub tekstu oraz \u017ce jego udost\u0119pnienie nie narusza praw os\u00f3b trzecich.<\/li>\n<\/ol>\n<p>&nbsp;<\/p>\n<ol start=\"4\">\n<li>Poprzez przyst\u0105pienie do Konkursu Uczestnik o\u015bwiadcza, \u017ce z chwil\u0105 dokonania zg\u0142oszenia wszelkie autorskie maj\u0105tkowe prawa dotycz\u0105ce utworu (w rozumieniu ustawy z 04 lutego 1994 r. ustawa o prawie autorskim i prawach pochodnych Dz. U. 1994 nr 24 poz. 83 ze zmianami) przechodz\u0105 na Organizatora.<\/li>\n<\/ol>\n<p>&nbsp;<\/p>\n<p>&nbsp;<\/p>\n<p>&nbsp;<\/p>\n<p><strong>7 Postanowienia ko\u0144cowe<\/strong><\/p>\n<p>&nbsp;<\/p>\n<ol>\n<li>Uczestnicy, wobec kt\u00f3rych zajdzie podejrzenie, \u017ce ingeruj\u0105 w mechanizm Konkursu lub dzia\u0142aj\u0105 w sprzeczno\u015bci z zasadami fair-play zostan\u0105 pozbawieni mo\u017cliwo\u015bci uczestnictwa w Konkursie.<\/li>\n<\/ol>\n<p>&nbsp;<\/p>\n<ol start=\"3\">\n<li>Organizator zastrzega sobie prawo zmian niniejszego Regulaminu w ka\u017cdym czasie bez podania przyczyny przy zastosowaniu odpowiednich form informacji i zawiadomie\u0144 Uczestnik\u00f3w Konkursu. Zmiany w Regulaminie nie mog\u0105 narusza\u0107 praw nabytych przez Uczestnik\u00f3w Konkursu.<\/li>\n<\/ol>\n<p>&nbsp;<\/p>\n<ol start=\"4\">\n<li>Organizator nie ponosi odpowiedzialno\u015bci za prawid\u0142owo\u015b\u0107 i terminowo\u015b\u0107 dor\u0119czenia nagrody lub niedostarczenie przesy\u0142ek z nagrod\u0105 przez poczt\u0119, w szczeg\u00f3lno\u015bci gdy dostarczenie przesy\u0142ki jest niemo\u017cliwe ze wzgl\u0119du na b\u0142\u0119dnie podany adres Uczestnika.<\/li>\n<\/ol>\n<p>&nbsp;<\/p>\n<ol start=\"5\">\n<li>Konkurs nie jest organizowany z udzia\u0142em, ani te\u017c sponsorowany, czy wspierany przez w\u0142a\u015bciciela serwisu. Facebook jest znakiem towarowym zastrze\u017conym przez Facebook Inc., jego u\u017cycie na potrzeby niniejszego Konkursu nast\u0119puje zgodnie z postanowieniami Regulaminy serwisu.<\/li>\n<\/ol>\n<p>&nbsp;<\/p>\n<ol start=\"6\">\n<li>Facebook Inc. nie ponosi odpowiedzialno\u015bci za prawid\u0142owy przebieg Konkursu.<\/li>\n<\/ol>\n<p>&nbsp;<\/p>\n<ol start=\"7\">\n<li>Organizator nie ponosi odpowiedzialno\u015bci za ewentualne niezale\u017cne od niego nieprawid\u0142owo\u015bci w dost\u0119pie do strony Facebook i wynikaj\u0105ce z tego czasowy brak dost\u0119pu do strony konkursu .<\/li>\n<\/ol>\n<p>&nbsp;<\/p>\n<ol start=\"8\">\n<li>Niniejszy Regulamin jest dost\u0119pny w siedzibie Organizatora oraz w linku podanym na \u015bcianie strony konkursowej \u2013 profilu Mlekpol.<\/li>\n<\/ol>\n<p>&nbsp;<\/p>\n<ol start=\"9\">\n<li>We wszelkich sprawach nieuregulowanych niniejszym Regulaminem stosuje si\u0119 przepisy Kodeksu cywilnego i inne przepisy prawa.<\/li>\n<\/ol>\n<p>&nbsp;<\/p>\n<ol start=\"10\">\n<li>Spory odnosz\u0105ce si\u0119 i wynikaj\u0105ce z Konkursu b\u0119d\u0105 rozwi\u0105zywane przez s\u0105d powszechny w\u0142a\u015bciwy miejscowo dla siedziby Organizatora<\/li>\n<\/ol>\n","protected":false},"excerpt":{"rendered":"<p>REGULAMIN KONKURSU &nbsp; &nbsp; 1 Postanowienia og\u00f3lne &nbsp; &nbsp; Niniejszy Regulamin okre\u015bla zasady, zakres i warunki uczestnictwa w Konkursie na Dzie\u0144 Ciasta. &nbsp; Organizatorem Konkursu jest Sp\u00f3\u0142dzielnia Mleczarska MLEKPOL, ul. Elewatorska 13, 19-203 Grajewo (\u201eOrganizator\u201d). &nbsp; Konkurs b\u0119dzie trwa\u0142 w dniach od 26 listopada 2020 roku od momentu opublikowania postu konkursowego do 30 listopada 2020 [&hellip;]<\/p>\n","protected":false},"author":1,"featured_media":0,"parent":0,"menu_order":32,"comment_status":"closed","ping_status":"closed","template":"StronaOneColumn.php","meta":[],"_links":{"self":[{"href":"https:\/\/mlekpol.com.pl\/index.php\/wp-json\/wp\/v2\/pages\/21148"}],"collection":[{"href":"https:\/\/mlekpol.com.pl\/index.php\/wp-json\/wp\/v2\/pages"}],"about":[{"href":"https:\/\/mlekpol.com.pl\/index.php\/wp-json\/wp\/v2\/types\/page"}],"author":[{"embeddable":true,"href":"https:\/\/mlekpol.com.pl\/index.php\/wp-json\/wp\/v2\/users\/1"}],"replies":[{"embeddable":true,"href":"https:\/\/mlekpol.com.pl\/index.php\/wp-json\/wp\/v2\/comments?post=21148"}],"version-history":[{"count":1,"href":"https:\/\/mlekpol.com.pl\/index.php\/wp-json\/wp\/v2\/pages\/21148\/revisions"}],"predecessor-version":[{"id":21149,"href":"https:\/\/mlekpol.com.pl\/index.php\/wp-json\/wp\/v2\/pages\/21148\/revisions\/21149"}],"wp:attachment":[{"href":"https:\/\/mlekpol.com.pl\/index.php\/wp-json\/wp\/v2\/media?parent=21148"}],"curies":[{"name":"wp","href":"https:\/\/api.w.org\/{rel}","templated":true}]}}