
{"id":19311,"date":"2019-06-03T11:17:02","date_gmt":"2019-06-03T09:17:02","guid":{"rendered":"https:\/\/mlekpol.com.pl?page_id=19311"},"modified":"2022-10-03T14:06:15","modified_gmt":"2022-10-03T12:06:15","slug":"ebook2","status":"publish","type":"page","link":"https:\/\/mlekpol.com.pl\/index.php\/ebook2\/","title":{"rendered":"Ebook"},"content":{"rendered":"<p style=\"text-align: center;\">Oddajemy w Wasze r\u0119ce wyj\u0105tkowego e-booka &#8222;Najlepsi w kuchni! Kasi Bosackiej przepisy dla ma\u0142ych kucharzy&#8221;.<\/p>\n<p style=\"text-align: center;\">Znajdziecie w nim przepisy na pyszne i proste dania dla dzieci opracowane przez Kasi\u0119 Bosack\u0105!<\/p>\n<p style=\"text-align: center;\">Aby go pobra\u0107, kliknijcie poni\u017cej:<\/p>\n<p style=\"text-align: center;\"><a href=\"http:\/\/mlekpol.com.pl\/ebook\"><strong>POBIERZ<\/strong><\/a><\/p>\n<p style=\"text-align: center;\">SMACZNEGO! \ud83d\ude42<\/p>\n","protected":false},"excerpt":{"rendered":"<p>Oddajemy w Wasze r\u0119ce wyj\u0105tkowego e-booka &#8222;Najlepsi w kuchni! Kasi Bosackiej przepisy dla ma\u0142ych kucharzy&#8221;. Znajdziecie w nim przepisy na pyszne i proste dania dla dzieci opracowane przez Kasi\u0119 Bosack\u0105! Aby go pobra\u0107, kliknijcie poni\u017cej: POBIERZ SMACZNEGO! \ud83d\ude42<\/p>\n","protected":false},"author":1,"featured_media":0,"parent":0,"menu_order":6,"comment_status":"closed","ping_status":"closed","template":"StronaOneColumn.php","meta":[],"_links":{"self":[{"href":"https:\/\/mlekpol.com.pl\/index.php\/wp-json\/wp\/v2\/pages\/19311"}],"collection":[{"href":"https:\/\/mlekpol.com.pl\/index.php\/wp-json\/wp\/v2\/pages"}],"about":[{"href":"https:\/\/mlekpol.com.pl\/index.php\/wp-json\/wp\/v2\/types\/page"}],"author":[{"embeddable":true,"href":"https:\/\/mlekpol.com.pl\/index.php\/wp-json\/wp\/v2\/users\/1"}],"replies":[{"embeddable":true,"href":"https:\/\/mlekpol.com.pl\/index.php\/wp-json\/wp\/v2\/comments?post=19311"}],"version-history":[{"count":2,"href":"https:\/\/mlekpol.com.pl\/index.php\/wp-json\/wp\/v2\/pages\/19311\/revisions"}],"predecessor-version":[{"id":19313,"href":"https:\/\/mlekpol.com.pl\/index.php\/wp-json\/wp\/v2\/pages\/19311\/revisions\/19313"}],"wp:attachment":[{"href":"https:\/\/mlekpol.com.pl\/index.php\/wp-json\/wp\/v2\/media?parent=19311"}],"curies":[{"name":"wp","href":"https:\/\/api.w.org\/{rel}","templated":true}]}}