
{"id":1561,"date":"2018-06-27T13:36:23","date_gmt":"2018-06-27T11:36:23","guid":{"rendered":"http:\/\/mlekpol.thinq.pl\/?page_id=1561"},"modified":"2019-03-14T13:58:23","modified_gmt":"2019-03-14T12:58:23","slug":"zpm-sejny","status":"publish","type":"page","link":"https:\/\/mlekpol.com.pl\/index.php\/o-firmie\/nasze-zaklady\/zpm-sejny\/","title":{"rendered":"ZPM Sejny"},"content":{"rendered":"<p><strong>Oddzia\u0142 Zak\u0142ad Produkcji Mleczarskiej w Sejnach jest cz\u0119\u015bci\u0105 Sp\u00f3\u0142dzielni Mleczarskiej Mlekpol w Grajewie od 1 stycznia 2002 roku. SM MLEKPOL z Grajewa po\u0142\u0105czy\u0142a si\u0119 ze Sp\u00f3\u0142dzielni\u0105 Mleczarsk\u0105 SEJNMLEK. <\/strong><\/p>\n<p>Sejnie\u0144ski zak\u0142ad MLEKPOLU skupuje i przerabia rocznie ok. 27 mln litr\u00f3w mleka.<\/p>\n<p>Wyroby produkowane w Sejnach powstaj\u0105 z mleka od kr\u00f3w wypasanych na najczystszych \u0142\u0105kach Podlasia. Naturalne producentki mleka skarmiane s\u0105 paszami wolnymi od GMO.<\/p>\n<p>Z najwy\u017cszej klasy surowca, w Sejnach powstaj\u0105 wyborne sery dojrzewaj\u0105ce typu holenderskiego oraz szwajcarskiego. W sejnie\u0144skiej proszkowni powstaje najwy\u017cszej klasy serwatka\u00a0 w proszku.<\/p>\n<p>&nbsp;<\/p>\n<p><strong>ZPM w Sejnach posiada certyfikaty:<\/strong><\/p>\n<p>IFS Food, HACCP<\/p>\n","protected":false},"excerpt":{"rendered":"<p>Oddzia\u0142 Zak\u0142ad Produkcji Mleczarskiej w Sejnach jest cz\u0119\u015bci\u0105 Sp\u00f3\u0142dzielni Mleczarskiej Mlekpol w Grajewie od 1 stycznia 2002 roku. SM MLEKPOL z Grajewa po\u0142\u0105czy\u0142a si\u0119 ze Sp\u00f3\u0142dzielni\u0105 Mleczarsk\u0105 SEJNMLEK. Sejnie\u0144ski zak\u0142ad MLEKPOLU skupuje i przerabia rocznie ok. 27 mln litr\u00f3w mleka. Wyroby produkowane w Sejnach powstaj\u0105 z mleka od kr\u00f3w wypasanych na najczystszych \u0142\u0105kach Podlasia. Naturalne [&hellip;]<\/p>\n","protected":false},"author":1,"featured_media":16337,"parent":1553,"menu_order":5,"comment_status":"closed","ping_status":"closed","template":"StronaZakladuOFirmie.php","meta":[],"_links":{"self":[{"href":"https:\/\/mlekpol.com.pl\/index.php\/wp-json\/wp\/v2\/pages\/1561"}],"collection":[{"href":"https:\/\/mlekpol.com.pl\/index.php\/wp-json\/wp\/v2\/pages"}],"about":[{"href":"https:\/\/mlekpol.com.pl\/index.php\/wp-json\/wp\/v2\/types\/page"}],"author":[{"embeddable":true,"href":"https:\/\/mlekpol.com.pl\/index.php\/wp-json\/wp\/v2\/users\/1"}],"replies":[{"embeddable":true,"href":"https:\/\/mlekpol.com.pl\/index.php\/wp-json\/wp\/v2\/comments?post=1561"}],"version-history":[{"count":1,"href":"https:\/\/mlekpol.com.pl\/index.php\/wp-json\/wp\/v2\/pages\/1561\/revisions"}],"predecessor-version":[{"id":1562,"href":"https:\/\/mlekpol.com.pl\/index.php\/wp-json\/wp\/v2\/pages\/1561\/revisions\/1562"}],"up":[{"embeddable":true,"href":"https:\/\/mlekpol.com.pl\/index.php\/wp-json\/wp\/v2\/pages\/1553"}],"wp:featuredmedia":[{"embeddable":true,"href":"https:\/\/mlekpol.com.pl\/index.php\/wp-json\/wp\/v2\/media\/16337"}],"wp:attachment":[{"href":"https:\/\/mlekpol.com.pl\/index.php\/wp-json\/wp\/v2\/media?parent=1561"}],"curies":[{"name":"wp","href":"https:\/\/api.w.org\/{rel}","templated":true}]}}