
{"id":1227,"date":"2018-06-25T13:50:50","date_gmt":"2018-06-25T11:50:50","guid":{"rendered":"http:\/\/mlekpol.thinq.pl\/?page_id=1227"},"modified":"2024-03-27T17:28:07","modified_gmt":"2024-03-27T16:28:07","slug":"echo-mlekpolu","status":"publish","type":"page","link":"https:\/\/mlekpol.com.pl\/index.php\/producenci-mleka\/echo-mlekpolu\/","title":{"rendered":"Echo Mlekpolu"},"content":{"rendered":"<div style=\"display: none;\"><\/div>\n<h3>Echo Mlekpolu<\/h3>\n<p>Magazyn wydawany przez nasz\u0105 Sp\u00f3\u0142dzielni\u0119, w kt\u00f3rym mo\u017cna znale\u017a\u0107 m.in. artyku\u0142y o tematyce rolniczej, relacje z bie\u017c\u0105cych wydarze\u0144 Mlekpolu, wywiady z producentami mleka, kadr\u0105 zarz\u0105dzaj\u0105c\u0105 i pracownikami sp\u00f3\u0142dzielni. Zach\u0119camy do pobrania internetowej wersji Echa Mlekpolu<\/p>\n<p><script src=\"chrome-extension:\/\/fbnkflkahhlmhdgkddaafgnnokifobik\/assets\/pageScripts.js\"><\/script><\/p>\n","protected":false},"excerpt":{"rendered":"<p>Echo Mlekpolu Magazyn wydawany przez nasz\u0105 Sp\u00f3\u0142dzielni\u0119, w kt\u00f3rym mo\u017cna znale\u017a\u0107 m.in. artyku\u0142y o tematyce rolniczej, relacje z bie\u017c\u0105cych wydarze\u0144 Mlekpolu, wywiady z producentami mleka, kadr\u0105 zarz\u0105dzaj\u0105c\u0105 i pracownikami sp\u00f3\u0142dzielni. Zach\u0119camy do pobrania internetowej wersji Echa Mlekpolu<\/p>\n","protected":false},"author":1,"featured_media":0,"parent":252,"menu_order":0,"comment_status":"closed","ping_status":"closed","template":"StronaListyProducentow-Magazyn.php","meta":[],"_links":{"self":[{"href":"https:\/\/mlekpol.com.pl\/index.php\/wp-json\/wp\/v2\/pages\/1227"}],"collection":[{"href":"https:\/\/mlekpol.com.pl\/index.php\/wp-json\/wp\/v2\/pages"}],"about":[{"href":"https:\/\/mlekpol.com.pl\/index.php\/wp-json\/wp\/v2\/types\/page"}],"author":[{"embeddable":true,"href":"https:\/\/mlekpol.com.pl\/index.php\/wp-json\/wp\/v2\/users\/1"}],"replies":[{"embeddable":true,"href":"https:\/\/mlekpol.com.pl\/index.php\/wp-json\/wp\/v2\/comments?post=1227"}],"version-history":[{"count":5,"href":"https:\/\/mlekpol.com.pl\/index.php\/wp-json\/wp\/v2\/pages\/1227\/revisions"}],"predecessor-version":[{"id":20806,"href":"https:\/\/mlekpol.com.pl\/index.php\/wp-json\/wp\/v2\/pages\/1227\/revisions\/20806"}],"up":[{"embeddable":true,"href":"https:\/\/mlekpol.com.pl\/index.php\/wp-json\/wp\/v2\/pages\/252"}],"wp:attachment":[{"href":"https:\/\/mlekpol.com.pl\/index.php\/wp-json\/wp\/v2\/media?parent=1227"}],"curies":[{"name":"wp","href":"https:\/\/api.w.org\/{rel}","templated":true}]}}