
{"id":1219,"date":"2018-06-25T13:15:19","date_gmt":"2018-06-25T11:15:19","guid":{"rendered":"http:\/\/mlekpol.thinq.pl\/?page_id=1219"},"modified":"2023-12-28T12:42:13","modified_gmt":"2023-12-28T11:42:13","slug":"zostan-producentem","status":"publish","type":"page","link":"https:\/\/mlekpol.com.pl\/index.php\/producenci-mleka\/zostan-producentem\/","title":{"rendered":"Zosta\u0144 producentem"},"content":{"rendered":"<p>Mo\u017cesz zosta\u0107 cz\u0142onkiem Naszej Sp\u00f3\u0142dzielni je\u017celi produkujesz najwy\u017cszej jako\u015bci mleko zgodne z wymogami obowi\u0105zuj\u0105cego prawa, a Twoje gospodarstwo spe\u0142nia wymagania do produkcji i przechowywania mleka potwierdzone za\u015bwiadczeniem wydanym przez Powiatowego Lekarza Weterynarii.<\/p>\n<p>Aby sta\u0107 jednym z Nas wystarczy skontaktowa\u0107 si\u0119 z Wydzia\u0142em Skupu w Grajewie lub Dzia\u0142ami Skupu w jednym z Naszych Zak\u0142ad\u00f3w. Pracownicy s\u0142u\u017cb surowcowo-skupowych udziel\u0105 niezb\u0119dnych informacji i je\u017celi zajdzie taka potrzeba dojad\u0105 do gospodarstwa i odpowiedz\u0105 na wszelkie pytania dotycz\u0105ce wsp\u00f3\u0142pracy. Je\u017celi zdecydujecie si\u0119 Pa\u0144stwo zosta\u0107 Naszymi dostawcami nasi pracownicy \u0142atwo przeprowadz\u0105 pa\u0144stwa przez procedury przyj\u0119cia do Naszej Sp\u00f3\u0142dzielni.<\/p>\n","protected":false},"excerpt":{"rendered":"<p>Mo\u017cesz zosta\u0107 cz\u0142onkiem Naszej Sp\u00f3\u0142dzielni je\u017celi produkujesz najwy\u017cszej jako\u015bci mleko zgodne z wymogami obowi\u0105zuj\u0105cego prawa, a Twoje gospodarstwo spe\u0142nia wymagania do produkcji i przechowywania mleka potwierdzone za\u015bwiadczeniem wydanym przez Powiatowego Lekarza Weterynarii. Aby sta\u0107 jednym z Nas wystarczy skontaktowa\u0107 si\u0119 z Wydzia\u0142em Skupu w Grajewie lub Dzia\u0142ami Skupu w jednym z Naszych Zak\u0142ad\u00f3w. Pracownicy s\u0142u\u017cb [&hellip;]<\/p>\n","protected":false},"author":1,"featured_media":0,"parent":252,"menu_order":0,"comment_status":"closed","ping_status":"closed","template":"StronaListyProducentow-Oferty.php","meta":[],"_links":{"self":[{"href":"https:\/\/mlekpol.com.pl\/index.php\/wp-json\/wp\/v2\/pages\/1219"}],"collection":[{"href":"https:\/\/mlekpol.com.pl\/index.php\/wp-json\/wp\/v2\/pages"}],"about":[{"href":"https:\/\/mlekpol.com.pl\/index.php\/wp-json\/wp\/v2\/types\/page"}],"author":[{"embeddable":true,"href":"https:\/\/mlekpol.com.pl\/index.php\/wp-json\/wp\/v2\/users\/1"}],"replies":[{"embeddable":true,"href":"https:\/\/mlekpol.com.pl\/index.php\/wp-json\/wp\/v2\/comments?post=1219"}],"version-history":[{"count":4,"href":"https:\/\/mlekpol.com.pl\/index.php\/wp-json\/wp\/v2\/pages\/1219\/revisions"}],"predecessor-version":[{"id":1224,"href":"https:\/\/mlekpol.com.pl\/index.php\/wp-json\/wp\/v2\/pages\/1219\/revisions\/1224"}],"up":[{"embeddable":true,"href":"https:\/\/mlekpol.com.pl\/index.php\/wp-json\/wp\/v2\/pages\/252"}],"wp:attachment":[{"href":"https:\/\/mlekpol.com.pl\/index.php\/wp-json\/wp\/v2\/media?parent=1219"}],"curies":[{"name":"wp","href":"https:\/\/api.w.org\/{rel}","templated":true}]}}